{"id":5244,"date":"2026-02-25T11:49:30","date_gmt":"2026-02-25T10:49:30","guid":{"rendered":"https:\/\/eveha-international.com\/?page_id=5244"},"modified":"2026-02-25T11:50:16","modified_gmt":"2026-02-25T10:50:16","slug":"lambaesis","status":"publish","type":"page","link":"https:\/\/eveha-international.com\/?page_id=5244&lang=en","title":{"rendered":"Lambaesis"},"content":{"rendered":"\n<p class=\"has-text-align-left has-small-font-size\">Ancienne capitale de la Numidie dans l&rsquo;actuelle Alg\u00e9rie, la cit\u00e9 de Lamb\u00e8se est au coeur d&rsquo;un nouveau programme d&rsquo;\u00e9tude arch\u00e9ologique plac\u00e9 sous la direction d&rsquo;A\u00efcha Malek (ENS, AOROC).<\/p>\n\n\n\n<div class=\"wp-block-separator has-alpha-channel-opacity is-style-wide\" style=\"margin-top:var(--wp--preset--spacing--40);margin-bottom:var(--wp--preset--spacing--40)\"><\/div>\n\n\n\n<div class=\"wp-block-columns is-layout-flex wp-container-core-columns-is-layout-9d6595d7 wp-block-columns-is-layout-flex\">\n<div class=\"wp-block-column is-layout-flow wp-block-column-is-layout-flow\">\n<h6 class=\"wp-block-heading has-theme-palette-12-color has-text-color has-link-color has-small-font-size wp-elements-3a5f0fbe9eb37c9d05de0b5d94e5c0a3\">Direction<br><strong>A\u00efcha Malek<\/strong>&nbsp;(ENS)<\/h6>\n<\/div>\n\n\n\n<div class=\"wp-block-column is-layout-flow wp-block-column-is-layout-flow\">\n<p class=\"has-small-font-size\"><strong>How Eveha International Participates<br><\/strong>Topography Architecture<\/p>\n<\/div>\n\n\n\n<div class=\"wp-block-column is-layout-flow wp-block-column-is-layout-flow\">\n<p class=\"has-small-font-size\"><strong>Localisation<\/strong> <br>Algeria<\/p>\n<\/div>\n<\/div>\n\n\n\n<div class=\"wp-block-separator has-text-color has-theme-palette-12-color has-alpha-channel-opacity has-theme-palette-12-background-color has-background is-style-wide\" style=\"margin-top:var(--wp--preset--spacing--60);margin-bottom:var(--wp--preset--spacing--60)\"><\/div>\n\n\n\n<p class=\"has-small-font-size\"><strong>Location and historical summary<\/strong><br>Lambaesis is a roman city built at the foot of the Aur\u00e8s Mountains in eastern Algeria, 11 km from Batna. Originally a camp of Augustus\u2019 3rd Legion (81 AD), the town became the legion\u2019s permanent base around 120 AD, and was later made the capital of Numidia under Severan dynasty. The town maintained its high status until the 4th century, before being slowly abandoned.<br><br>The richness of the surrounding agricultural land and the quality of the limestone rock in the area facilitated the construction of a monumental Upper city endowed with public buildings in keeping with its status as a capital. Furthermore, the town is also known for its prestigious \u201cschool\u201d of mosaic makers, whose works were first uncovered in the 19th century.<br><br><strong>Research history<\/strong><br>The first excavations at Lambaesis began in the middle of the 19th century. By the beginning of the 20th century, the richness of the mosaics discovered here led to the construction of a museum at the site, where a selection of these works is displayed. In 2006, the Algerian authorities (CNRA) requested that new excavations take place. The team was directed by A\u00efcha Malek (ENS).<br><br>The various fieldwork seasons which have taken place since then have revealed new and spectacular mosaics. They also aim to complete the recording of the site and to make use of the historical excavation archives. A new project is planned for 2014 by the Algerian authorities. In addition to excavations, survey and specialist studies, the project will involve the training of interns.<\/p>\n\n\n\n<div class=\"wp-block-separator has-alpha-channel-opacity is-style-wide\" style=\"margin-top:var(--wp--preset--spacing--60);margin-bottom:var(--wp--preset--spacing--60)\"><\/div>\n\n\n\n<div class=\"wp-block-columns is-layout-flex wp-container-core-columns-is-layout-9d6595d7 wp-block-columns-is-layout-flex\">\n<div class=\"wp-block-column is-layout-flow wp-block-column-is-layout-flow\">\n<p class=\"has-small-font-size\"><strong>Partners<\/strong> <br>National Centre for Archaeological Research (Algeria)<br>CNRS, UMR 8546-AOROC (France)<\/p>\n<\/div>\n\n\n\n<div class=\"wp-block-column is-layout-flow wp-block-column-is-layout-flow\"><\/div>\n\n\n\n<div class=\"wp-block-column is-layout-flow wp-block-column-is-layout-flow\">\n<p class=\"has-theme-palette-11-color has-text-color has-link-color has-small-font-size wp-elements-e23ae15299920ee26c591c4f67a461d0\"><strong>Links<\/strong> :<br><a href=\"http:\/\/www.archeo.ens.fr\/spip.php?article229\" target=\"_blank\" rel=\"noreferrer noopener\">A\u00efcha Malek, mission director<\/a><br><a href=\"http:\/\/www.cnra.dz\/?Synthese-de-la-compagne-de-la,23\" target=\"_blank\" rel=\"noreferrer noopener\">Official CNRA website<\/a><\/p>\n<\/div>\n<\/div>\n\n\n\n<div class=\"wp-block-separator has-alpha-channel-opacity is-style-wide\" style=\"margin-top:var(--wp--preset--spacing--60);margin-bottom:var(--wp--preset--spacing--60)\"><\/div>\n\n\n\n<h2 class=\"wp-block-heading\">The excavation campaigns (by year)<\/h2>\n\n\n<ul style=\"padding-top:0;padding-bottom:0;padding-left:0;padding-right:0;\" class=\"wp-block-latest-posts__list is-grid columns-4 has-link-color wp-elements-616977a87bc51f69e9b4aeeecda5d0c8 wp-block-latest-posts has-text-color has-theme-palette-12-color has-small-font-size\"><li><div class=\"wp-block-latest-posts__featured-image\"><a href=\"https:\/\/eveha-international.com\/?p=5052&#038;lang=en\" aria-label=\"Lambaesis &#8211; 2011\"><img loading=\"lazy\" decoding=\"async\" width=\"770\" height=\"485\" src=\"https:\/\/eveha-international.com\/wp-content\/uploads\/2016\/11\/lambese_2011_small.jpg\" class=\"attachment-large size-large wp-post-image\" alt=\"\" style=\"\" srcset=\"https:\/\/eveha-international.com\/wp-content\/uploads\/2016\/11\/lambese_2011_small.jpg 770w, https:\/\/eveha-international.com\/wp-content\/uploads\/2016\/11\/lambese_2011_small-300x189.jpg 300w\" sizes=\"auto, (max-width: 770px) 100vw, 770px\" \/><\/a><\/div><a class=\"wp-block-latest-posts__post-title\" href=\"https:\/\/eveha-international.com\/?p=5052&#038;lang=en\">Lambaesis &#8211; 2011<\/a><\/li>\n<\/ul>","protected":false},"excerpt":{"rendered":"<p>Ancienne capitale de la Numidie dans l&rsquo;actuelle Alg\u00e9rie, la cit\u00e9 de Lamb\u00e8se est au coeur d&rsquo;un nouveau programme d&rsquo;\u00e9tude arch\u00e9ologique plac\u00e9 sous la direction d&rsquo;A\u00efcha Malek (ENS, AOROC). DirectionA\u00efcha Malek&nbsp;(ENS) How Eveha International ParticipatesTopography Architecture Localisation Algeria Location and historical summaryLambaesis is a roman city built at the foot of the Aur\u00e8s Mountains in eastern&#8230;<\/p>\n","protected":false},"author":4,"featured_media":4094,"parent":5095,"menu_order":0,"comment_status":"closed","ping_status":"closed","template":"","meta":{"inline_featured_image":false,"_kad_post_transparent":"","_kad_post_title":"","_kad_post_layout":"","_kad_post_sidebar_id":"","_kad_post_content_style":"","_kad_post_vertical_padding":"","_kad_post_feature":"","_kad_post_feature_position":"","_kad_post_header":false,"_kad_post_footer":false,"_kad_post_classname":"","footnotes":""},"class_list":["post-5244","page","type-page","status-publish","has-post-thumbnail","hentry"],"_links":{"self":[{"href":"https:\/\/eveha-international.com\/index.php?rest_route=\/wp\/v2\/pages\/5244","targetHints":{"allow":["GET"]}}],"collection":[{"href":"https:\/\/eveha-international.com\/index.php?rest_route=\/wp\/v2\/pages"}],"about":[{"href":"https:\/\/eveha-international.com\/index.php?rest_route=\/wp\/v2\/types\/page"}],"author":[{"embeddable":true,"href":"https:\/\/eveha-international.com\/index.php?rest_route=\/wp\/v2\/users\/4"}],"replies":[{"embeddable":true,"href":"https:\/\/eveha-international.com\/index.php?rest_route=%2Fwp%2Fv2%2Fcomments&post=5244"}],"version-history":[{"count":1,"href":"https:\/\/eveha-international.com\/index.php?rest_route=\/wp\/v2\/pages\/5244\/revisions"}],"predecessor-version":[{"id":5245,"href":"https:\/\/eveha-international.com\/index.php?rest_route=\/wp\/v2\/pages\/5244\/revisions\/5245"}],"up":[{"embeddable":true,"href":"https:\/\/eveha-international.com\/index.php?rest_route=\/wp\/v2\/pages\/5095"}],"wp:featuredmedia":[{"embeddable":true,"href":"https:\/\/eveha-international.com\/index.php?rest_route=\/wp\/v2\/media\/4094"}],"wp:attachment":[{"href":"https:\/\/eveha-international.com\/index.php?rest_route=%2Fwp%2Fv2%2Fmedia&parent=5244"}],"curies":[{"name":"wp","href":"https:\/\/api.w.org\/{rel}","templated":true}]}}