{"id":5247,"date":"2026-02-25T11:58:33","date_gmt":"2026-02-25T10:58:33","guid":{"rendered":"https:\/\/eveha-international.com\/?page_id=5247"},"modified":"2026-02-25T11:58:50","modified_gmt":"2026-02-25T10:58:50","slug":"las-herrizas","status":"publish","type":"page","link":"https:\/\/eveha-international.com\/?page_id=5247&lang=en","title":{"rendered":"Las Herrizas"},"content":{"rendered":"\n<p class=\"has-text-align-left has-small-font-size\">The Las Herrizas site is located to the south of the municipality of Alcal\u00e1 de los Gazules in the province of C\u00e1diz, Spain. This settlement is organised around a soft rock outcrop, on which a semi-rupestral habitat was established. The site was probably occupied between the Archaic and late Republican periods.<\/p>\n\n\n\n<div class=\"wp-block-separator has-alpha-channel-opacity is-style-wide\" style=\"margin-top:var(--wp--preset--spacing--40);margin-bottom:var(--wp--preset--spacing--40)\"><\/div>\n\n\n\n<div class=\"wp-block-columns is-layout-flex wp-container-core-columns-is-layout-9d6595d7 wp-block-columns-is-layout-flex\">\n<div class=\"wp-block-column is-layout-flow wp-block-column-is-layout-flow\">\n<h6 class=\"wp-block-heading has-theme-palette-12-color has-text-color has-link-color has-small-font-size wp-elements-76fa10ab904c109ce012a1998893bb21\">Direction<br><strong>Bartolom\u00e9 Mora Serrano<\/strong>\u00a0<br>(Universidad de M\u00e1laga)<br><strong>Pierre Moret<\/strong>\u00a0(UMR 5608 \u2013 TRACES)<\/h6>\n<\/div>\n\n\n\n<div class=\"wp-block-column is-layout-flow wp-block-column-is-layout-flow\">\n<p class=\"has-small-font-size\"><strong>How Eveha International Participates<br><\/strong>Study of pottery and amphora Collaboration on scientific publications<\/p>\n<\/div>\n\n\n\n<div class=\"wp-block-column is-layout-flow wp-block-column-is-layout-flow\">\n<p class=\"has-small-font-size\"><strong>Localisation<\/strong> <br>Spain<\/p>\n<\/div>\n<\/div>\n\n\n\n<div class=\"wp-block-separator has-text-color has-theme-palette-12-color has-alpha-channel-opacity has-theme-palette-12-background-color has-background is-style-wide\" style=\"margin-top:var(--wp--preset--spacing--60);margin-bottom:var(--wp--preset--spacing--60)\"><\/div>\n\n\n\n<p class=\"has-small-font-size\"><strong>Location and historical summary<\/strong><br>The Las Herrizas site overlooks the R\u00edo Barbate reservoir in the south of the municipality of Alcal\u00e1 de los Gazules in C\u00e1diz. Due to its difficult access, it remained almost totally unknown until the project was launched in 2024. It was soon compared with the Bailo oppidum (La Silla del Papa, Tarifa), which is located 30 km further south on the Strait of Gibraltar coast. In both cases, settlement was organised around a linear outcrop of soft rock, with a semi-rupestrian habitat anchored to it. Secondly, both settlements reached their apogee during the Republican period (2nd and 1st centuries BC) and were abandoned during the Augustan era. With a surface area of no more than one and a half hectares, Las Herrizas was a secondary settlement that most likely belonged to the territory of the city of Lascuta. A third similarity is that Lascuta, like Bailo, was part of a small group of cities that minted \u201cLibyan-Phoenician\u201d coins with bilingual Latin and Neo-Punic legends during the Republican period.<br><br><strong>History of research<\/strong><br>The Las Herrizas site was discovered by a Swiss traveller in the late 1950s, after which it fell into oblivion for over half a century. Pedestrian surveys carried out in October 2024 confirmed the site\u2019s potential when a rich ceramic assemblage (fine ceramics and amphorae) was discovered. This material enabled us to establish the first chronological milestones of the site\u2019s occupation, spanning from the 1st Iron Age to the Augustan period. A second operation involving geophysical prospecting was carried out in June 2025. <\/p>\n\n\n\n<div class=\"wp-block-separator has-alpha-channel-opacity is-style-wide\" style=\"margin-top:var(--wp--preset--spacing--60);margin-bottom:var(--wp--preset--spacing--60)\"><\/div>\n\n\n\n<div class=\"wp-block-columns is-layout-flex wp-container-core-columns-is-layout-9d6595d7 wp-block-columns-is-layout-flex\">\n<div class=\"wp-block-column is-layout-flow wp-block-column-is-layout-flow\">\n<p class=\"has-small-font-size\"><strong>Partners<\/strong> <br>Casa de Vel\u00e1zquez<br>UMR 5608, Traces (CNRS \u2013 Universit\u00e9 Toulouse Jean\u2011Jaur\u00e8s)<br>Universidad de M\u00e1laga<br>Universidad de C\u00e1diz<\/p>\n<\/div>\n\n\n\n<div class=\"wp-block-column is-layout-flow wp-block-column-is-layout-flow\"><\/div>\n\n\n\n<div class=\"wp-block-column is-layout-flow wp-block-column-is-layout-flow\">\n<p class=\"has-theme-palette-11-color has-text-color has-link-color has-small-font-size wp-elements-1fe2c44fd6eca7dc62c85ae7ba9ff096\"><strong>Links<\/strong> :<br><a href=\"https:\/\/www.casadevelazquez.org\/recherche-scientifique\/fouilles-archeologiques\/las-herrizas-alcala-de-los-gazules-cadiz\/presentation-et-objectifs\" target=\"_blank\" rel=\"noreferrer noopener\">Casa de Vel\u00e1zquez excavations<\/a><\/p>\n<\/div>\n<\/div>\n\n\n\n<div class=\"wp-block-separator has-alpha-channel-opacity is-style-wide\" style=\"margin-top:var(--wp--preset--spacing--60);margin-bottom:var(--wp--preset--spacing--60)\"><\/div>\n\n\n\n<h2 class=\"wp-block-heading\">The excavation campaigns (by year)<\/h2>\n\n\n<ul style=\"padding-top:0;padding-bottom:0;padding-left:0;padding-right:0;\" class=\"wp-block-latest-posts__list is-grid columns-4 has-link-color wp-elements-16710267c122da87e082ba6ca618bb7e wp-block-latest-posts has-text-color has-theme-palette-12-color has-small-font-size\"><li><div class=\"wp-block-latest-posts__featured-image\"><a href=\"https:\/\/eveha-international.com\/?p=3365\" aria-label=\"Las Herrizas \u2013 2025\"><img loading=\"lazy\" decoding=\"async\" width=\"980\" height=\"588\" src=\"https:\/\/eveha-international.com\/wp-content\/uploads\/2026\/01\/las-herrizas-header-2025-1024x614.jpg\" class=\"attachment-large size-large wp-post-image\" alt=\"\" style=\"\" srcset=\"https:\/\/eveha-international.com\/wp-content\/uploads\/2026\/01\/las-herrizas-header-2025-1024x614.jpg 1024w, https:\/\/eveha-international.com\/wp-content\/uploads\/2026\/01\/las-herrizas-header-2025-300x180.jpg 300w, https:\/\/eveha-international.com\/wp-content\/uploads\/2026\/01\/las-herrizas-header-2025-768x461.jpg 768w, https:\/\/eveha-international.com\/wp-content\/uploads\/2026\/01\/las-herrizas-header-2025-1536x922.jpg 1536w, https:\/\/eveha-international.com\/wp-content\/uploads\/2026\/01\/las-herrizas-header-2025.jpg 2000w\" sizes=\"auto, (max-width: 980px) 100vw, 980px\" \/><\/a><\/div><a class=\"wp-block-latest-posts__post-title\" href=\"https:\/\/eveha-international.com\/?p=3365\">Las Herrizas \u2013 2025<\/a><\/li>\n<\/ul>","protected":false},"excerpt":{"rendered":"<p>The Las Herrizas site is located to the south of the municipality of Alcal\u00e1 de los Gazules in the province of C\u00e1diz, Spain. This settlement is organised around a soft rock outcrop, on which a semi-rupestral habitat was established. The site was probably occupied between the Archaic and late Republican periods. DirectionBartolom\u00e9 Mora Serrano\u00a0(Universidad de&#8230;<\/p>\n","protected":false},"author":4,"featured_media":3359,"parent":5095,"menu_order":0,"comment_status":"closed","ping_status":"closed","template":"","meta":{"inline_featured_image":false,"_kad_post_transparent":"","_kad_post_title":"","_kad_post_layout":"","_kad_post_sidebar_id":"","_kad_post_content_style":"","_kad_post_vertical_padding":"","_kad_post_feature":"","_kad_post_feature_position":"","_kad_post_header":false,"_kad_post_footer":false,"_kad_post_classname":"","footnotes":""},"class_list":["post-5247","page","type-page","status-publish","has-post-thumbnail","hentry"],"_links":{"self":[{"href":"https:\/\/eveha-international.com\/index.php?rest_route=\/wp\/v2\/pages\/5247","targetHints":{"allow":["GET"]}}],"collection":[{"href":"https:\/\/eveha-international.com\/index.php?rest_route=\/wp\/v2\/pages"}],"about":[{"href":"https:\/\/eveha-international.com\/index.php?rest_route=\/wp\/v2\/types\/page"}],"author":[{"embeddable":true,"href":"https:\/\/eveha-international.com\/index.php?rest_route=\/wp\/v2\/users\/4"}],"replies":[{"embeddable":true,"href":"https:\/\/eveha-international.com\/index.php?rest_route=%2Fwp%2Fv2%2Fcomments&post=5247"}],"version-history":[{"count":1,"href":"https:\/\/eveha-international.com\/index.php?rest_route=\/wp\/v2\/pages\/5247\/revisions"}],"predecessor-version":[{"id":5248,"href":"https:\/\/eveha-international.com\/index.php?rest_route=\/wp\/v2\/pages\/5247\/revisions\/5248"}],"up":[{"embeddable":true,"href":"https:\/\/eveha-international.com\/index.php?rest_route=\/wp\/v2\/pages\/5095"}],"wp:featuredmedia":[{"embeddable":true,"href":"https:\/\/eveha-international.com\/index.php?rest_route=\/wp\/v2\/media\/3359"}],"wp:attachment":[{"href":"https:\/\/eveha-international.com\/index.php?rest_route=%2Fwp%2Fv2%2Fmedia&parent=5247"}],"curies":[{"name":"wp","href":"https:\/\/api.w.org\/{rel}","templated":true}]}}