{"id":5249,"date":"2026-02-25T12:02:53","date_gmt":"2026-02-25T11:02:53","guid":{"rendered":"https:\/\/eveha-international.com\/?page_id=5249"},"modified":"2026-02-25T12:04:13","modified_gmt":"2026-02-25T11:04:13","slug":"leon-viejo","status":"publish","type":"page","link":"https:\/\/eveha-international.com\/?page_id=5249&lang=en","title":{"rendered":"Leon Viejo"},"content":{"rendered":"\n<p class=\"has-text-align-left has-small-font-size\">\u2018Leon Viejo through Time and Space\u2019 project is directed by Rigoberto Navarro Genie (\u00c9veha Nicaragua) and co-directed by S\u00e9bastien Perrot-Minnot (\u00c9veha International). The project is financed by the Nicaraguan Cultural Institute (INC) and, in part, by the Embassy of Luxembourg.<\/p>\n\n\n\n<div class=\"wp-block-separator has-alpha-channel-opacity is-style-wide\" style=\"margin-top:var(--wp--preset--spacing--40);margin-bottom:var(--wp--preset--spacing--40)\"><\/div>\n\n\n\n<div class=\"wp-block-columns is-layout-flex wp-container-core-columns-is-layout-9d6595d7 wp-block-columns-is-layout-flex\">\n<div class=\"wp-block-column is-layout-flow wp-block-column-is-layout-flow\">\n<h6 class=\"wp-block-heading has-theme-palette-12-color has-text-color has-link-color has-small-font-size wp-elements-7aa47232a4f37990ed79cd26d34ed067\">Direction<br><strong>Dr. Rigoberto Navarro-Genie<\/strong>&nbsp;(\u00c9veha Nicaragua)<br><strong>Dr. S\u00e9bastien Perrot-Minnot<\/strong>&nbsp;(\u00c9veha International)<\/h6>\n<\/div>\n\n\n\n<div class=\"wp-block-column is-layout-flow wp-block-column-is-layout-flow\">\n<p class=\"has-small-font-size\"><strong>How Eveha International Participates<br><\/strong>Archaeological investigations <br>direction Artefacts studies <br>Geomorphology<\/p>\n<\/div>\n\n\n\n<div class=\"wp-block-column is-layout-flow wp-block-column-is-layout-flow\">\n<p class=\"has-small-font-size\"><strong>Localisation<\/strong> <br>Nicaragua<\/p>\n<\/div>\n<\/div>\n\n\n\n<div class=\"wp-block-separator has-text-color has-theme-palette-12-color has-alpha-channel-opacity has-theme-palette-12-background-color has-background is-style-wide\" style=\"margin-top:var(--wp--preset--spacing--60);margin-bottom:var(--wp--preset--spacing--60)\"><\/div>\n\n\n\n<p class=\"has-small-font-size\"><strong>Location and historical overview<\/strong><br>Leon Viejo archaeological site is located in the western part of Nicaragua, close to the village of Puerto Momotombo. It borders the Mangua lake (or Xolotlan), at the foot of the Momotombo volcano. The Spanish founded there one of the first cities on the American continent. Established in 1524, under the name of Leon de Nagrando, it became three years later the capital of the colonial province of Nicaragua. It reached its peak in 1540, before decreasing until it was completly abandoned in 1610 after a series of disasters caused by men and the elements. The city was then transfered to the current location of Leon city.<br><br><strong>Historical background and research axis<\/strong><br>The rediscovery of the Leon Viejo site in 1967 motivated campaigns of clearance, excavation and restoration. Several remarkable monuments were found on this occasion, including the old cathedral of Santa Mar\u00eda de la Gracia and the La Merced convent. The site was inscribed on the World Heritage List in 2000 as \u201cits ruins are outstanding testimony to the social and economic structures of the Spanish Empire in the 16th century\u201d (whc.unesco.org\/fr\/list\/613).<\/p>\n\n\n\n<div class=\"wp-block-separator has-alpha-channel-opacity is-style-wide\" style=\"margin-top:var(--wp--preset--spacing--60);margin-bottom:var(--wp--preset--spacing--60)\"><\/div>\n\n\n\n<div class=\"wp-block-columns is-layout-flex wp-container-core-columns-is-layout-9d6595d7 wp-block-columns-is-layout-flex\">\n<div class=\"wp-block-column is-layout-flow wp-block-column-is-layout-flow\">\n<p class=\"has-small-font-size\"><strong>Partners<\/strong> <br>Ambassade du Grand Duch\u00e9 du Luxembourg <br>au Nicaragua<br>Institut Nicaraguayen de la Culture (INC)<br>Institut Nicaraguayen de Tourisme (INTUR)<\/p>\n<\/div>\n\n\n\n<div class=\"wp-block-column is-layout-flow wp-block-column-is-layout-flow\"><\/div>\n\n\n\n<div class=\"wp-block-column is-layout-flow wp-block-column-is-layout-flow\"><\/div>\n<\/div>\n\n\n\n<div class=\"wp-block-separator has-alpha-channel-opacity is-style-wide\" style=\"margin-top:var(--wp--preset--spacing--60);margin-bottom:var(--wp--preset--spacing--60)\"><\/div>\n\n\n\n<h2 class=\"wp-block-heading\">The excavation campaigns (by year)<\/h2>\n\n\n<ul style=\"padding-top:0;padding-bottom:0;padding-left:0;padding-right:0;\" class=\"wp-block-latest-posts__list is-grid columns-4 has-link-color wp-elements-3672acda7a77d3c6f768779085694385 wp-block-latest-posts has-text-color has-theme-palette-12-color has-small-font-size\"><li><div class=\"wp-block-latest-posts__featured-image\"><a href=\"https:\/\/eveha-international.com\/?p=4724&#038;lang=en\" aria-label=\"Leon Viejo &#8211; 2017\"><img loading=\"lazy\" decoding=\"async\" width=\"770\" height=\"485\" src=\"https:\/\/eveha-international.com\/wp-content\/uploads\/2018\/03\/leon_viejo_2017_small.jpg\" class=\"attachment-large size-large wp-post-image\" alt=\"\" style=\"\" srcset=\"https:\/\/eveha-international.com\/wp-content\/uploads\/2018\/03\/leon_viejo_2017_small.jpg 770w, https:\/\/eveha-international.com\/wp-content\/uploads\/2018\/03\/leon_viejo_2017_small-300x189.jpg 300w\" sizes=\"auto, (max-width: 770px) 100vw, 770px\" \/><\/a><\/div><a class=\"wp-block-latest-posts__post-title\" href=\"https:\/\/eveha-international.com\/?p=4724&#038;lang=en\">Leon Viejo &#8211; 2017<\/a><\/li>\n<\/ul>","protected":false},"excerpt":{"rendered":"<p>\u2018Leon Viejo through Time and Space\u2019 project is directed by Rigoberto Navarro Genie (\u00c9veha Nicaragua) and co-directed by S\u00e9bastien Perrot-Minnot (\u00c9veha International). The project is financed by the Nicaraguan Cultural Institute (INC) and, in part, by the Embassy of Luxembourg. DirectionDr. Rigoberto Navarro-Genie&nbsp;(\u00c9veha Nicaragua)Dr. S\u00e9bastien Perrot-Minnot&nbsp;(\u00c9veha International) How Eveha International ParticipatesArchaeological investigations direction Artefacts studies&#8230;<\/p>\n","protected":false},"author":4,"featured_media":3834,"parent":5095,"menu_order":0,"comment_status":"closed","ping_status":"closed","template":"","meta":{"inline_featured_image":false,"_kad_post_transparent":"","_kad_post_title":"","_kad_post_layout":"","_kad_post_sidebar_id":"","_kad_post_content_style":"","_kad_post_vertical_padding":"","_kad_post_feature":"","_kad_post_feature_position":"","_kad_post_header":false,"_kad_post_footer":false,"_kad_post_classname":"","footnotes":""},"class_list":["post-5249","page","type-page","status-publish","has-post-thumbnail","hentry"],"_links":{"self":[{"href":"https:\/\/eveha-international.com\/index.php?rest_route=\/wp\/v2\/pages\/5249","targetHints":{"allow":["GET"]}}],"collection":[{"href":"https:\/\/eveha-international.com\/index.php?rest_route=\/wp\/v2\/pages"}],"about":[{"href":"https:\/\/eveha-international.com\/index.php?rest_route=\/wp\/v2\/types\/page"}],"author":[{"embeddable":true,"href":"https:\/\/eveha-international.com\/index.php?rest_route=\/wp\/v2\/users\/4"}],"replies":[{"embeddable":true,"href":"https:\/\/eveha-international.com\/index.php?rest_route=%2Fwp%2Fv2%2Fcomments&post=5249"}],"version-history":[{"count":1,"href":"https:\/\/eveha-international.com\/index.php?rest_route=\/wp\/v2\/pages\/5249\/revisions"}],"predecessor-version":[{"id":5250,"href":"https:\/\/eveha-international.com\/index.php?rest_route=\/wp\/v2\/pages\/5249\/revisions\/5250"}],"up":[{"embeddable":true,"href":"https:\/\/eveha-international.com\/index.php?rest_route=\/wp\/v2\/pages\/5095"}],"wp:featuredmedia":[{"embeddable":true,"href":"https:\/\/eveha-international.com\/index.php?rest_route=\/wp\/v2\/media\/3834"}],"wp:attachment":[{"href":"https:\/\/eveha-international.com\/index.php?rest_route=%2Fwp%2Fv2%2Fmedia&parent=5249"}],"curies":[{"name":"wp","href":"https:\/\/api.w.org\/{rel}","templated":true}]}}