{"id":5252,"date":"2026-02-25T12:27:36","date_gmt":"2026-02-25T11:27:36","guid":{"rendered":"https:\/\/eveha-international.com\/?page_id=5252"},"modified":"2026-02-25T12:29:42","modified_gmt":"2026-02-25T11:29:42","slug":"mentesh-tepe","status":"publish","type":"page","link":"https:\/\/eveha-international.com\/?page_id=5252&lang=en","title":{"rendered":"Mentesh Tepe"},"content":{"rendered":"\n<p class=\"has-text-align-left has-small-font-size\">\u00c9veha International is involved in a project directed by Bertille Lyonnet (CNRS, Paris), which takes place at Mentesh Tepe in Azerba\u00efdjan.<\/p>\n\n\n\n<div class=\"wp-block-separator has-alpha-channel-opacity is-style-wide\" style=\"margin-top:var(--wp--preset--spacing--40);margin-bottom:var(--wp--preset--spacing--40)\"><\/div>\n\n\n\n<div class=\"wp-block-columns is-layout-flex wp-container-core-columns-is-layout-9d6595d7 wp-block-columns-is-layout-flex\">\n<div class=\"wp-block-column is-layout-flow wp-block-column-is-layout-flow\">\n<h6 class=\"wp-block-heading has-theme-palette-12-color has-text-color has-link-color has-small-font-size wp-elements-4d47dd7e988185f971cece094ffb92b7\">Direction<br><strong>Bertille Lyonnet<\/strong>\u00a0(CNRS, Paris)<br><strong>Fahrad Guliyev\u00a0<\/strong>(Baku Institute of Archaeology and Ethnology)<\/h6>\n<\/div>\n\n\n\n<div class=\"wp-block-column is-layout-flow wp-block-column-is-layout-flow\">\n<p class=\"has-small-font-size\"><strong>How Eveha International Participates<br><\/strong>Topography<\/p>\n<\/div>\n\n\n\n<div class=\"wp-block-column is-layout-flow wp-block-column-is-layout-flow\">\n<p class=\"has-small-font-size\"><strong>Localisation<\/strong> <br>Azerba\u00efdjan<\/p>\n<\/div>\n<\/div>\n\n\n\n<div class=\"wp-block-separator has-alpha-channel-opacity is-style-wide\" style=\"margin-top:var(--wp--preset--spacing--60);margin-bottom:var(--wp--preset--spacing--60)\"><\/div>\n\n\n\n<p class=\"has-small-font-size\"><strong>Location and historical summary<\/strong><br>The site of Mentesh Tepe is located in north-western Azerbaijan, in the present-day Tovuz district.<br><br>The site\u2019s long sequence of occupation makes it exceptional. The earliest remains date from the Neolithic (first half of the 6<sup>th<\/sup>\u00a0millennium BC) while the most recent material has been dated to the Bronze Age. Such a long time-span is unique in the region, although there appears to be a hiatus during the 4<sup>th<\/sup>\u00a0millennium.<br><br>Evidence from the earliest phases of the site includes a settlement comprised of circular buildings built using mud bricks or\u00a0<em>pis\u00e9<\/em>\u00a0(rammed earth). Most remarkable, however, are the several individual burials and one communal burial found dating from the Neolithic, The communal burial has been dated to around 5700-5600 BC and is the only one of its kind currently known in the Caucasus.<br><br>The site continues to be occupied during the Chalcolithic period, which is characterised by the transition from circular to rectangular structures.<br><br>Evidence of later occupation includes a group of pits dating from the Kura-Araxes period (3400-2000 BC) whose function has not yet been determined. A kurgan (Russian word meaning tumulus) containing several burials dates from the same period. A second funerary monument of the same type is also likely to be from this period, but a precise date has yet to be established.<br><br>The Late Bronze Age is attested by a series of individual burials.<br>The whole of the site \u2013 settlement, pits and burials \u2013 revealed abundant archaeological material, the analysis of which is ongoing.<br><strong><br>History of research<\/strong><br>One of the kurgans at Mentesh Tepe was recorded during a survey which took place during the 1960s, before subsequently being partly destroyed. Excavation of the structure in 2007 led to the establishment of an annual research programme, starting in 2008. The French side of the project is directed by Bertille Lyonnet (CNRS) and is supported by the ANR, as part of the Franco-German project \u2018Kura in Motion!\u2019 The research programme is in collaboration with the Baku Institute of Archaeology and Ethnology, of which Fahrad Guliyev is the co-director.<\/p>\n\n\n\n<div class=\"wp-block-separator has-alpha-channel-opacity is-style-wide\" style=\"margin-top:var(--wp--preset--spacing--60);margin-bottom:var(--wp--preset--spacing--60)\"><\/div>\n\n\n\n<div class=\"wp-block-columns is-layout-flex wp-container-core-columns-is-layout-9d6595d7 wp-block-columns-is-layout-flex\">\n<div class=\"wp-block-column is-layout-flow wp-block-column-is-layout-flow\">\n<p class=\"has-small-font-size\"><strong>Partners<\/strong> <br>CNRS (France)<br>Baku Institute of Archaeology and Ethnology (Azerba\u00efdjan)<br>French Ministry of Foreign Affairs<br>Inrap (France)<\/p>\n<\/div>\n\n\n\n<div class=\"wp-block-column is-layout-flow wp-block-column-is-layout-flow\">\n<p class=\"has-theme-palette-11-color has-text-color has-link-color has-small-font-size wp-elements-1b5922c4a6072f6e8e28ddc262d3869f\"><strong>Publications<\/strong> :<br>Bertille Lyonnet, Laure Pecqueur, Pascal Raymond, <br>Ana\u00efck Samzun \u2014 L\u2019arch\u00e9ologie pr\u00e9ventive fran\u00e7aise,<br>support et mod\u00e8le pour la formation arch\u00e9ologique <br>en Azerba\u00efdjan : l\u2019exemple du site de Mentesh-T\u00e9p\u00e9. <br>Arch\u00e9opages [En ligne]. Octobre 2010, Hors-s\u00e9rie n\u00b02. <br>Mis en ligne le 07\/01\/2014, pp. 72-79.<br><a href=\"https:\/\/eveha-international.com\/wp-content\/uploads\/2015\/05\/10614_fichier_sensibiliser-lyonnet.pdf\" target=\"_blank\" rel=\"noreferrer noopener\">T\u00e9l\u00e9charger<\/a><\/p>\n<\/div>\n\n\n\n<div class=\"wp-block-column is-layout-flow wp-block-column-is-layout-flow\">\n<p class=\"has-theme-palette-11-color has-text-color has-link-color has-small-font-size wp-elements-7ae0a37588ec0f3510d05f19c4104265\"><strong>Links<\/strong> :<br><a href=\"http:\/\/www.agence-nationale-recherche.fr\/projet-anr\/?tx_lwmsuivibilan_pi2[CODE]=ANR-12-FRAL-0011\" target=\"_blank\" rel=\"noreferrer noopener\">\u00ab\u00a0Kura in Motion !\u00a0\u00bb presentation<\/a><br><a href=\"http:\/\/www.inrap.fr\/mentesh-tepe-etablissement-proto-historique-azerbaidjan-10490\" target=\"_blank\" rel=\"noreferrer noopener\">Inrap&rsquo;s project presentation<\/a><br><a href=\"http:\/\/www.ambafrance-az.org\/Mission-archeologiques-franco-2223\" target=\"_blank\" rel=\"noreferrer noopener\">French Ministry of Foreign Affairs&rsquo;s presentation to Bakou<\/a><\/p>\n<\/div>\n<\/div>\n\n\n\n<div class=\"wp-block-separator has-alpha-channel-opacity is-style-wide\" style=\"margin-top:var(--wp--preset--spacing--60);margin-bottom:var(--wp--preset--spacing--60)\"><\/div>\n\n\n\n<h2 class=\"wp-block-heading\">The excavation campaigns (by year)<\/h2>\n\n\n<ul style=\"padding-top:0;padding-bottom:0;padding-left:0;padding-right:0;\" class=\"wp-block-latest-posts__list is-grid columns-4 has-link-color wp-elements-3cc6f9c2a304c19d3a3ae4b147f80a18 wp-block-latest-posts has-text-color has-theme-palette-12-color has-small-font-size\"><li><div class=\"wp-block-latest-posts__featured-image\"><a href=\"https:\/\/eveha-international.com\/?p=5021&#038;lang=en\" aria-label=\"Mentesh Tepe &#8211; 2013\"><img loading=\"lazy\" decoding=\"async\" width=\"770\" height=\"486\" src=\"https:\/\/eveha-international.com\/wp-content\/uploads\/2013\/01\/Mentesh-tepe-articles_small.jpg\" class=\"attachment-large size-large wp-post-image\" alt=\"\" style=\"\" srcset=\"https:\/\/eveha-international.com\/wp-content\/uploads\/2013\/01\/Mentesh-tepe-articles_small.jpg 770w, https:\/\/eveha-international.com\/wp-content\/uploads\/2013\/01\/Mentesh-tepe-articles_small-300x189.jpg 300w\" sizes=\"auto, (max-width: 770px) 100vw, 770px\" \/><\/a><\/div><a class=\"wp-block-latest-posts__post-title\" href=\"https:\/\/eveha-international.com\/?p=5021&#038;lang=en\">Mentesh Tepe &#8211; 2013<\/a><\/li>\n<li><div class=\"wp-block-latest-posts__featured-image\"><a href=\"https:\/\/eveha-international.com\/?p=5002&#038;lang=en\" aria-label=\"Mentesh Tepe &#8211; 2014\"><img loading=\"lazy\" decoding=\"async\" width=\"770\" height=\"486\" src=\"https:\/\/eveha-international.com\/wp-content\/uploads\/2013\/01\/Mentesh-tepe-articles_small.jpg\" class=\"attachment-large size-large wp-post-image\" alt=\"\" style=\"\" srcset=\"https:\/\/eveha-international.com\/wp-content\/uploads\/2013\/01\/Mentesh-tepe-articles_small.jpg 770w, https:\/\/eveha-international.com\/wp-content\/uploads\/2013\/01\/Mentesh-tepe-articles_small-300x189.jpg 300w\" sizes=\"auto, (max-width: 770px) 100vw, 770px\" \/><\/a><\/div><a class=\"wp-block-latest-posts__post-title\" href=\"https:\/\/eveha-international.com\/?p=5002&#038;lang=en\">Mentesh Tepe &#8211; 2014<\/a><\/li>\n<li><div class=\"wp-block-latest-posts__featured-image\"><a href=\"https:\/\/eveha-international.com\/?p=4977&#038;lang=en\" aria-label=\"Mentesh Tepe &#8211; 2015\"><img loading=\"lazy\" decoding=\"async\" width=\"770\" height=\"486\" src=\"https:\/\/eveha-international.com\/wp-content\/uploads\/2013\/01\/Mentesh-tepe-articles_small.jpg\" class=\"attachment-large size-large wp-post-image\" alt=\"\" style=\"\" srcset=\"https:\/\/eveha-international.com\/wp-content\/uploads\/2013\/01\/Mentesh-tepe-articles_small.jpg 770w, https:\/\/eveha-international.com\/wp-content\/uploads\/2013\/01\/Mentesh-tepe-articles_small-300x189.jpg 300w\" sizes=\"auto, (max-width: 770px) 100vw, 770px\" \/><\/a><\/div><a class=\"wp-block-latest-posts__post-title\" href=\"https:\/\/eveha-international.com\/?p=4977&#038;lang=en\">Mentesh Tepe &#8211; 2015<\/a><\/li>\n<\/ul>\n\n\n<p><\/p>\n","protected":false},"excerpt":{"rendered":"<p>\u00c9veha International is involved in a project directed by Bertille Lyonnet (CNRS, Paris), which takes place at Mentesh Tepe in Azerba\u00efdjan. DirectionBertille Lyonnet\u00a0(CNRS, Paris)Fahrad Guliyev\u00a0(Baku Institute of Archaeology and Ethnology) How Eveha International ParticipatesTopography Localisation Azerba\u00efdjan Location and historical summaryThe site of Mentesh Tepe is located in north-western Azerbaijan, in the present-day Tovuz district. The&#8230;<\/p>\n","protected":false},"author":4,"featured_media":4087,"parent":5095,"menu_order":0,"comment_status":"closed","ping_status":"closed","template":"","meta":{"inline_featured_image":false,"_kad_post_transparent":"","_kad_post_title":"","_kad_post_layout":"","_kad_post_sidebar_id":"","_kad_post_content_style":"","_kad_post_vertical_padding":"","_kad_post_feature":"","_kad_post_feature_position":"","_kad_post_header":false,"_kad_post_footer":false,"_kad_post_classname":"","footnotes":""},"class_list":["post-5252","page","type-page","status-publish","has-post-thumbnail","hentry"],"_links":{"self":[{"href":"https:\/\/eveha-international.com\/index.php?rest_route=\/wp\/v2\/pages\/5252","targetHints":{"allow":["GET"]}}],"collection":[{"href":"https:\/\/eveha-international.com\/index.php?rest_route=\/wp\/v2\/pages"}],"about":[{"href":"https:\/\/eveha-international.com\/index.php?rest_route=\/wp\/v2\/types\/page"}],"author":[{"embeddable":true,"href":"https:\/\/eveha-international.com\/index.php?rest_route=\/wp\/v2\/users\/4"}],"replies":[{"embeddable":true,"href":"https:\/\/eveha-international.com\/index.php?rest_route=%2Fwp%2Fv2%2Fcomments&post=5252"}],"version-history":[{"count":1,"href":"https:\/\/eveha-international.com\/index.php?rest_route=\/wp\/v2\/pages\/5252\/revisions"}],"predecessor-version":[{"id":5253,"href":"https:\/\/eveha-international.com\/index.php?rest_route=\/wp\/v2\/pages\/5252\/revisions\/5253"}],"up":[{"embeddable":true,"href":"https:\/\/eveha-international.com\/index.php?rest_route=\/wp\/v2\/pages\/5095"}],"wp:featuredmedia":[{"embeddable":true,"href":"https:\/\/eveha-international.com\/index.php?rest_route=\/wp\/v2\/media\/4087"}],"wp:attachment":[{"href":"https:\/\/eveha-international.com\/index.php?rest_route=%2Fwp%2Fv2%2Fmedia&parent=5252"}],"curies":[{"name":"wp","href":"https:\/\/api.w.org\/{rel}","templated":true}]}}