{"id":5261,"date":"2026-02-25T14:14:36","date_gmt":"2026-02-25T13:14:36","guid":{"rendered":"https:\/\/eveha-international.com\/?page_id=5261"},"modified":"2026-02-25T14:15:48","modified_gmt":"2026-02-25T13:15:48","slug":"mustang","status":"publish","type":"page","link":"https:\/\/eveha-international.com\/?page_id=5261&lang=en","title":{"rendered":"Mustang"},"content":{"rendered":"\n<p class=\"has-text-align-left has-small-font-size\">The Mission Arch\u00e9ologique Franco-N\u00e9palaise au Mustang (MAFNAM) was created in 2023 by the Ministry of Europe and Foreign Affairs (MEAE) in collaboration with the Department of Archaeology of Nepal and the University of California. It explores the high Himalayan region of Mustang, west of Nepal, to study the dynamics of settlement in the region through time.<\/p>\n\n\n\n<div class=\"wp-block-separator has-alpha-channel-opacity is-style-wide\" style=\"margin-top:var(--wp--preset--spacing--40);margin-bottom:var(--wp--preset--spacing--40)\"><\/div>\n\n\n\n<div class=\"wp-block-columns is-layout-flex wp-container-core-columns-is-layout-9d6595d7 wp-block-columns-is-layout-flex\">\n<div class=\"wp-block-column is-layout-flow wp-block-column-is-layout-flow\">\n<h6 class=\"wp-block-heading has-theme-palette-12-color has-text-color has-link-color has-small-font-size wp-elements-65b117a58183ad8a3f09847e28c674d2\">Direction<br><strong>Samara Broglia de Moura&nbsp;<\/strong>(Eveha International\/<br>ArScAn UMR 7041 \u2013 \u00e9quipe Asie centrale)<br><strong>Marion Poux<\/strong>&nbsp;(ArScAn UMR 7041 \u2013 \u00e9quipe Asie centrale)<br><strong>Department of Archaeology of Nepal<\/strong><\/h6>\n<\/div>\n\n\n\n<div class=\"wp-block-column is-layout-flow wp-block-column-is-layout-flow\">\n<p class=\"has-small-font-size\"><strong>How Eveha International Participates<br><\/strong>Archaeological prospecting <br>Ceramic studies Topography <br>and GIS<\/p>\n<\/div>\n\n\n\n<div class=\"wp-block-column is-layout-flow wp-block-column-is-layout-flow\">\n<p class=\"has-small-font-size\"><strong>Localisation<\/strong> <br>Nepal<\/p>\n<\/div>\n<\/div>\n\n\n\n<div class=\"wp-block-separator has-text-color has-theme-palette-12-color has-alpha-channel-opacity has-theme-palette-12-background-color has-background is-style-wide\" style=\"margin-top:var(--wp--preset--spacing--60);margin-bottom:var(--wp--preset--spacing--60)\"><\/div>\n\n\n\n<p class=\"has-small-font-size\"><strong>Location and Research History<\/strong><br>Framed by the <strong>Annapurna<\/strong> (8091 m) and <strong>Dhaulagiri<\/strong> (8167 m) ranges, the Mustang District in western Nepal is defined by its north-south corridor irrigated by the <strong>Kali Gandaki<\/strong> river. This natural passage provides a direct connection between the Tibetan Plateau and the Gangetic plains of India. Despite the significance of this Himalayan region, which once hosted major trade routes\u2014particularly for the <strong>salt trade<\/strong>\u2014archaeological interventions remain relatively few and, to some extent, dated.<br><br>Most excavations have been concentrated in the <strong>Lower Mustang<\/strong> region, beginning shortly after the area opened to foreigners in 1992. During this period, the <strong>Nepal-German Project on High Mountain Archaeology<\/strong> documented sepulchral caves and their associated open-air settlement remains, notably at Chokhopani and Mebrak. Excavations at these two sites established occupations dating from the late 2nd millennium BC to the 1st century AD.<br><br>This was followed, during the same period, by archaeological excavations at the fortified village of <strong>Khyinga Mound<\/strong> and the Phudzeling caves in the Muktinath Valley, as well as the <strong>Garab Dzong<\/strong> fort near Jomsom. Khyinga is the only site in Mustang where a rich stratigraphy, spanning from the 1st to the 16th century, has allowed for the identification of three main occupation phases. These phases help bridge a significant gap in the region&rsquo;s material history during the 1st and 2nd millennia AD.<br><br>In <strong>Upper Mustang<\/strong>, archaeological research is scarcer but more recent. <strong>Mark Aldenderfer<\/strong> (University of California-Merced) has focused on funerary practices and paleogenetics to understand human settlement processes at high altitudes. This research is currently complemented by systematic surveys of Upper Mustang conducted as part of <strong>Marion Poux\u2019s<\/strong> doctoral thesis.<br><br>Despite the excavations carried out in the 1990s in Lower Mustang, most have only been partially published; only one monograph has been dedicated to the Mebrak site, and a single doctoral thesis is available for the Khyinga site. Furthermore, these excavations are concentrated in specific areas of Lower Mustang, leaving much of the region yet to be explored and documented to better understand its settlement dynamics.<\/p>\n\n\n\n<p class=\"has-small-font-size\"><strong>Objectives of the MAFNAM<\/strong><br>The objective of the <strong>MAFNAM<\/strong> (Mission Arch\u00e9ologique Fran\u00e7aise au N\u00e9pal-Arrondissement du Mustang) is to understand the <strong>diachronic settlement dynamics<\/strong> inherent to high-altitude contexts, as well as the interactions between Mustang and its neighbors in India, Tibet, and Central Asia across various chronological frameworks.<br><br>The methods implemented to achieve this rely on :<br>\u2022 <strong>Systematic surveys<\/strong> of the valleys.<br>\u2022 <strong>Ceramic and architectural studies<\/strong> (standing structures).<br>\u2022 <strong>Sampling for absolute dating<\/strong> (such as radiocarbon dating).<br><br>On one hand, the goal is to establish a <strong>reliable chronology<\/strong> for Mustang, which remains highly fragmentary. In this context, studies are being conducted on the evolution of local construction techniques and the establishment of a <strong>typo-chronology<\/strong> for ceramic production.<br><br>On the other hand, the project aims to develop a study of different models of <strong>macro-regional cultural and material interaction<\/strong> over time. This is based on the categorization and mapping of the various communication routes crossing the region, as well as on comparative studies.<\/p>\n\n\n\n<div class=\"wp-block-separator has-alpha-channel-opacity is-style-wide\" style=\"margin-top:var(--wp--preset--spacing--60);margin-bottom:var(--wp--preset--spacing--60)\"><\/div>\n\n\n\n<div class=\"wp-block-columns is-layout-flex wp-container-core-columns-is-layout-9d6595d7 wp-block-columns-is-layout-flex\">\n<div class=\"wp-block-column is-layout-flow wp-block-column-is-layout-flow\">\n<p class=\"has-small-font-size\"><\/p>\n<\/div>\n\n\n\n<div class=\"wp-block-column is-layout-flow wp-block-column-is-layout-flow\"><\/div>\n\n\n\n<div class=\"wp-block-column is-layout-flow wp-block-column-is-layout-flow\">\n<p class=\"has-theme-palette-11-color has-text-color has-link-color has-small-font-size wp-elements-bfd5dd6cd5317eddc48bd5ca8d169f67\"><strong>Links<\/strong> :<br><a href=\"https:\/\/archeologie.culture.gouv.fr\/fr\/mustang\" target=\"_blank\" rel=\"noreferrer noopener\">Official Mustang webpage<\/a><\/p>\n<\/div>\n<\/div>\n\n\n\n<div class=\"wp-block-separator has-alpha-channel-opacity is-style-wide\" style=\"margin-top:var(--wp--preset--spacing--60);margin-bottom:var(--wp--preset--spacing--60)\"><\/div>\n\n\n\n<h2 class=\"wp-block-heading\">The excavation campaigns (by year)<\/h2>\n\n\n<ul style=\"padding-top:0;padding-bottom:0;padding-left:0;padding-right:0;\" class=\"wp-block-latest-posts__list is-grid columns-4 has-link-color wp-elements-61100c33ed7f527befac365924454424 wp-block-latest-posts has-text-color has-theme-palette-12-color has-small-font-size\"><li><div class=\"wp-block-latest-posts__featured-image\"><a href=\"https:\/\/eveha-international.com\/?p=4422&#038;lang=en\" aria-label=\"Mustang &#8211; 2023\"><img loading=\"lazy\" decoding=\"async\" width=\"770\" height=\"485\" src=\"https:\/\/eveha-international.com\/wp-content\/uploads\/2023\/12\/mustang_2023_small.jpg\" class=\"attachment-large size-large wp-post-image\" alt=\"\" style=\"\" srcset=\"https:\/\/eveha-international.com\/wp-content\/uploads\/2023\/12\/mustang_2023_small.jpg 770w, https:\/\/eveha-international.com\/wp-content\/uploads\/2023\/12\/mustang_2023_small-300x189.jpg 300w, https:\/\/eveha-international.com\/wp-content\/uploads\/2023\/12\/mustang_2023_small-768x484.jpg 768w\" sizes=\"auto, (max-width: 770px) 100vw, 770px\" \/><\/a><\/div><a class=\"wp-block-latest-posts__post-title\" href=\"https:\/\/eveha-international.com\/?p=4422&#038;lang=en\">Mustang &#8211; 2023<\/a><\/li>\n<\/ul>","protected":false},"excerpt":{"rendered":"<p>The Mission Arch\u00e9ologique Franco-N\u00e9palaise au Mustang (MAFNAM) was created in 2023 by the Ministry of Europe and Foreign Affairs (MEAE) in collaboration with the Department of Archaeology of Nepal and the University of California. It explores the high Himalayan region of Mustang, west of Nepal, to study the dynamics of settlement in the region through&#8230;<\/p>\n","protected":false},"author":4,"featured_media":3674,"parent":5095,"menu_order":0,"comment_status":"closed","ping_status":"closed","template":"","meta":{"inline_featured_image":false,"_kad_post_transparent":"","_kad_post_title":"","_kad_post_layout":"","_kad_post_sidebar_id":"","_kad_post_content_style":"","_kad_post_vertical_padding":"","_kad_post_feature":"","_kad_post_feature_position":"","_kad_post_header":false,"_kad_post_footer":false,"_kad_post_classname":"","footnotes":""},"class_list":["post-5261","page","type-page","status-publish","has-post-thumbnail","hentry"],"_links":{"self":[{"href":"https:\/\/eveha-international.com\/index.php?rest_route=\/wp\/v2\/pages\/5261","targetHints":{"allow":["GET"]}}],"collection":[{"href":"https:\/\/eveha-international.com\/index.php?rest_route=\/wp\/v2\/pages"}],"about":[{"href":"https:\/\/eveha-international.com\/index.php?rest_route=\/wp\/v2\/types\/page"}],"author":[{"embeddable":true,"href":"https:\/\/eveha-international.com\/index.php?rest_route=\/wp\/v2\/users\/4"}],"replies":[{"embeddable":true,"href":"https:\/\/eveha-international.com\/index.php?rest_route=%2Fwp%2Fv2%2Fcomments&post=5261"}],"version-history":[{"count":2,"href":"https:\/\/eveha-international.com\/index.php?rest_route=\/wp\/v2\/pages\/5261\/revisions"}],"predecessor-version":[{"id":5263,"href":"https:\/\/eveha-international.com\/index.php?rest_route=\/wp\/v2\/pages\/5261\/revisions\/5263"}],"up":[{"embeddable":true,"href":"https:\/\/eveha-international.com\/index.php?rest_route=\/wp\/v2\/pages\/5095"}],"wp:featuredmedia":[{"embeddable":true,"href":"https:\/\/eveha-international.com\/index.php?rest_route=\/wp\/v2\/media\/3674"}],"wp:attachment":[{"href":"https:\/\/eveha-international.com\/index.php?rest_route=%2Fwp%2Fv2%2Fmedia&parent=5261"}],"curies":[{"name":"wp","href":"https:\/\/api.w.org\/{rel}","templated":true}]}}