{"id":5270,"date":"2026-02-25T14:27:08","date_gmt":"2026-02-25T13:27:08","guid":{"rendered":"https:\/\/eveha-international.com\/?page_id=5270"},"modified":"2026-02-25T14:29:31","modified_gmt":"2026-02-25T13:29:31","slug":"pegarinhos","status":"publish","type":"page","link":"https:\/\/eveha-international.com\/?page_id=5270&lang=en","title":{"rendered":"Pegarinhos"},"content":{"rendered":"\n<p class=\"has-text-align-left has-small-font-size\">Located on a hillside dominated by an Iron Age fort (castro), the site of Vale de Mir-Pegarinhos is being studied by Tony Silvino (\u00c9veha) and Pedro Pereira (CITCEM- Porto University).<\/p>\n\n\n\n<div class=\"wp-block-separator has-alpha-channel-opacity is-style-wide\" style=\"margin-top:var(--wp--preset--spacing--40);margin-bottom:var(--wp--preset--spacing--40)\"><\/div>\n\n\n\n<div class=\"wp-block-columns is-layout-flex wp-container-core-columns-is-layout-9d6595d7 wp-block-columns-is-layout-flex\">\n<div class=\"wp-block-column is-layout-flow wp-block-column-is-layout-flow\">\n<h6 class=\"wp-block-heading has-theme-palette-12-color has-text-color has-link-color has-small-font-size wp-elements-27b2f9fa22fff2f15701d47010a6d3fb\">Direction<br><strong>Tony Silvino<\/strong>\u00a0(\u00c9veha \u2013 UMR 5138, <br>Arch\u00e9ologie et Arch\u00e9om\u00e9trie)<br><strong>Pedro Pereira<\/strong>\u00a0(CITCEM \u2013 Porto university)<\/h6>\n<\/div>\n\n\n\n<div class=\"wp-block-column is-layout-flow wp-block-column-is-layout-flow\">\n<p class=\"has-small-font-size\"><strong>How Eveha International Participates<br><\/strong>Archaeological investigation Management<\/p>\n<\/div>\n\n\n\n<div class=\"wp-block-column is-layout-flow wp-block-column-is-layout-flow\">\n<p class=\"has-small-font-size\"><strong>Localisation<\/strong> <br>Portugal<\/p>\n<\/div>\n<\/div>\n\n\n\n<div class=\"wp-block-separator has-text-color has-theme-palette-12-color has-alpha-channel-opacity has-theme-palette-12-background-color has-background is-style-wide\" style=\"margin-top:var(--wp--preset--spacing--60);margin-bottom:var(--wp--preset--spacing--60)\"><\/div>\n\n\n\n<p class=\"has-small-font-size\"><strong>Location and historical summary<\/strong><br>The site of the Vale de Mir (Pegarinhos) is located in north-west Portugal, approximately 20 km north of Duoro, on the edge of a granite plateau. The site has been known since the 19<sup>th<\/sup>\u00a0century as a\u00a0<em>castro<\/em>, which is a fortified settlement on high ground, traditionally dated to the Iron Age. Imposing walls, typically comprised of granite blocs, are one of the most striking aspects of this type of site. With the conquest of the north of the Iberian peninsula by Roman troops under the reign of Augustus, these settlements changed gradually, sometimes with a transfer of populations. The region in which this site is located became part of the Roman province of Hispania Tarraconensis, even though Lusitania lay only a few kilometres to the south. Today, this type of settlement is well documented in the north-west of the peninsula, in particular due to the development of archaeological excavations. However, the north-eastern region of Portugal (Tras-os-Montes\/Alto Duoro) still suffers from a lack of systematic research projects. The Iron Age-Roman transition is still rather poorly understood in this part of the country, as are settlement types throughout Antiquity.<br><strong><br>History of research<\/strong><br>The history of research at this site is limited to the work of H. Botelho who in 1896 makes the first references to the\u00a0<em>castros<\/em>\u00a0of the Alijo district. Botelho collected iron objects, millstones and a column shaft from the site. Since that time, only sporadic references appear in the region\u2019s bibliographies. To fill this gap, a four-year research programme (PIOHP) was launched in 2012 by Tony Silvino and Pedro Pereira.<br><br>This project\u2019s aim is to gain a greater knowledge and understanding of the types of Roman settlement around the village of Pegarinhos, which has two\u00a0<em>castros<\/em>\u00a0within its territory, including Vale de Mir. More broadly, the project aims to learn more about forms of settlement during the Roman period. An attempt will also be made to understand the transition from the Iron Age to Antiquity.<br><br>As a result of conducting excavations in a series of trenches, it is now possible to trace the evolution of this site from the Protohistoric period to the end of Antiquity.<br><br>The fieldwork seasons took place between 2012 and 2014. 2015 will be the last year of excavation of this four-year project.<\/p>\n\n\n\n<div class=\"wp-block-separator has-alpha-channel-opacity is-style-wide\" style=\"margin-top:var(--wp--preset--spacing--60);margin-bottom:var(--wp--preset--spacing--60)\"><\/div>\n\n\n\n<div class=\"wp-block-columns is-layout-flex wp-container-core-columns-is-layout-9d6595d7 wp-block-columns-is-layout-flex\">\n<div class=\"wp-block-column is-layout-flow wp-block-column-is-layout-flow\">\n<p class=\"has-small-font-size\"><strong>Partners<\/strong> <br>Porto University<\/p>\n<\/div>\n\n\n\n<div class=\"wp-block-column is-layout-flow wp-block-column-is-layout-flow\"><\/div>\n\n\n\n<div class=\"wp-block-column is-layout-flow wp-block-column-is-layout-flow\">\n<p class=\"has-theme-palette-11-color has-text-color has-link-color has-small-font-size wp-elements-23cba7deb2c2e8360749bb95e312edd0\"><strong>Links<\/strong> :<br><a href=\"http:\/\/www.arar.mom.fr\/recherche-et-activites\/operations-archeologiques\/vale-de-mir-pegarinhos-2015\" target=\"_blank\" rel=\"noreferrer noopener\">www.arar.mom.fr &#8211; Pegarinhos<\/a><\/p>\n<\/div>\n<\/div>\n\n\n\n<div class=\"wp-block-separator has-alpha-channel-opacity is-style-wide\" style=\"margin-top:var(--wp--preset--spacing--60);margin-bottom:var(--wp--preset--spacing--60)\"><\/div>\n\n\n\n<h2 class=\"wp-block-heading\">The excavation campaigns (by year)<\/h2>\n\n\n<ul style=\"padding-top:0;padding-bottom:0;padding-left:0;padding-right:0;\" class=\"wp-block-latest-posts__list is-grid columns-4 has-link-color wp-elements-ad155beda4553fda4e62d440eb10cb7d wp-block-latest-posts has-text-color has-theme-palette-12-color has-small-font-size\"><li><div class=\"wp-block-latest-posts__featured-image\"><a href=\"https:\/\/eveha-international.com\/?p=4994&#038;lang=en\" aria-label=\"Pegarinhos &#8211; 2014\"><img loading=\"lazy\" decoding=\"async\" width=\"770\" height=\"485\" src=\"https:\/\/eveha-international.com\/wp-content\/uploads\/2015\/06\/pegarinhos-2014_blog.jpg\" class=\"attachment-large size-large wp-post-image\" alt=\"\" style=\"\" srcset=\"https:\/\/eveha-international.com\/wp-content\/uploads\/2015\/06\/pegarinhos-2014_blog.jpg 770w, https:\/\/eveha-international.com\/wp-content\/uploads\/2015\/06\/pegarinhos-2014_blog-300x189.jpg 300w\" sizes=\"auto, (max-width: 770px) 100vw, 770px\" \/><\/a><\/div><a class=\"wp-block-latest-posts__post-title\" href=\"https:\/\/eveha-international.com\/?p=4994&#038;lang=en\">Pegarinhos &#8211; 2014<\/a><\/li>\n<li><div class=\"wp-block-latest-posts__featured-image\"><a href=\"https:\/\/eveha-international.com\/?p=4970&#038;lang=en\" aria-label=\"Pegarinhos &#8211; 2015\"><img loading=\"lazy\" decoding=\"async\" width=\"770\" height=\"485\" src=\"https:\/\/eveha-international.com\/wp-content\/uploads\/2015\/12\/pegarinhos_2015_small.jpg\" class=\"attachment-large size-large wp-post-image\" alt=\"\" style=\"\" srcset=\"https:\/\/eveha-international.com\/wp-content\/uploads\/2015\/12\/pegarinhos_2015_small.jpg 770w, https:\/\/eveha-international.com\/wp-content\/uploads\/2015\/12\/pegarinhos_2015_small-300x189.jpg 300w\" sizes=\"auto, (max-width: 770px) 100vw, 770px\" \/><\/a><\/div><a class=\"wp-block-latest-posts__post-title\" href=\"https:\/\/eveha-international.com\/?p=4970&#038;lang=en\">Pegarinhos &#8211; 2015<\/a><\/li>\n<li><div class=\"wp-block-latest-posts__featured-image\"><a href=\"https:\/\/eveha-international.com\/?p=4682&#038;lang=en\" aria-label=\"Pegarinhos &#8211; 2019\"><img loading=\"lazy\" decoding=\"async\" width=\"770\" height=\"485\" src=\"https:\/\/eveha-international.com\/wp-content\/uploads\/2019\/08\/pegarinhos_small19.jpg\" class=\"attachment-large size-large wp-post-image\" alt=\"\" style=\"\" srcset=\"https:\/\/eveha-international.com\/wp-content\/uploads\/2019\/08\/pegarinhos_small19.jpg 770w, https:\/\/eveha-international.com\/wp-content\/uploads\/2019\/08\/pegarinhos_small19-300x189.jpg 300w, https:\/\/eveha-international.com\/wp-content\/uploads\/2019\/08\/pegarinhos_small19-768x484.jpg 768w\" sizes=\"auto, (max-width: 770px) 100vw, 770px\" \/><\/a><\/div><a class=\"wp-block-latest-posts__post-title\" href=\"https:\/\/eveha-international.com\/?p=4682&#038;lang=en\">Pegarinhos &#8211; 2019<\/a><\/li>\n<li><div class=\"wp-block-latest-posts__featured-image\"><a href=\"https:\/\/eveha-international.com\/?p=4510&#038;lang=en\" aria-label=\"Pegarinhos &#8211; 2021\"><img loading=\"lazy\" decoding=\"async\" width=\"980\" height=\"617\" src=\"https:\/\/eveha-international.com\/wp-content\/uploads\/2021\/10\/pegarinhos_2021_small-1024x645.jpg\" class=\"attachment-large size-large wp-post-image\" alt=\"\" style=\"\" srcset=\"https:\/\/eveha-international.com\/wp-content\/uploads\/2021\/10\/pegarinhos_2021_small-1024x645.jpg 1024w, https:\/\/eveha-international.com\/wp-content\/uploads\/2021\/10\/pegarinhos_2021_small-300x189.jpg 300w, https:\/\/eveha-international.com\/wp-content\/uploads\/2021\/10\/pegarinhos_2021_small-768x484.jpg 768w, https:\/\/eveha-international.com\/wp-content\/uploads\/2021\/10\/pegarinhos_2021_small.jpg 1134w\" sizes=\"auto, (max-width: 980px) 100vw, 980px\" \/><\/a><\/div><a class=\"wp-block-latest-posts__post-title\" href=\"https:\/\/eveha-international.com\/?p=4510&#038;lang=en\">Pegarinhos &#8211; 2021<\/a><\/li>\n<li><div class=\"wp-block-latest-posts__featured-image\"><a href=\"https:\/\/eveha-international.com\/?p=4439&#038;lang=en\" aria-label=\"Pegarinhos &#8211; 2022\"><img loading=\"lazy\" decoding=\"async\" width=\"770\" height=\"485\" src=\"https:\/\/eveha-international.com\/wp-content\/uploads\/2021\/10\/pegarinhos_2022_small.jpg\" class=\"attachment-large size-large wp-post-image\" alt=\"\" style=\"\" srcset=\"https:\/\/eveha-international.com\/wp-content\/uploads\/2021\/10\/pegarinhos_2022_small.jpg 770w, https:\/\/eveha-international.com\/wp-content\/uploads\/2021\/10\/pegarinhos_2022_small-300x189.jpg 300w, https:\/\/eveha-international.com\/wp-content\/uploads\/2021\/10\/pegarinhos_2022_small-768x484.jpg 768w\" sizes=\"auto, (max-width: 770px) 100vw, 770px\" \/><\/a><\/div><a class=\"wp-block-latest-posts__post-title\" href=\"https:\/\/eveha-international.com\/?p=4439&#038;lang=en\">Pegarinhos &#8211; 2022<\/a><\/li>\n<li><div class=\"wp-block-latest-posts__featured-image\"><a href=\"https:\/\/eveha-international.com\/?p=4413&#038;lang=en\" aria-label=\"Pegarinhos &#8211; 2023\"><img loading=\"lazy\" decoding=\"async\" width=\"770\" height=\"485\" src=\"https:\/\/eveha-international.com\/wp-content\/uploads\/2024\/06\/Pegarinhos_2023_small.jpg\" class=\"attachment-large size-large wp-post-image\" alt=\"\" style=\"\" srcset=\"https:\/\/eveha-international.com\/wp-content\/uploads\/2024\/06\/Pegarinhos_2023_small.jpg 770w, https:\/\/eveha-international.com\/wp-content\/uploads\/2024\/06\/Pegarinhos_2023_small-300x189.jpg 300w, https:\/\/eveha-international.com\/wp-content\/uploads\/2024\/06\/Pegarinhos_2023_small-768x484.jpg 768w\" sizes=\"auto, (max-width: 770px) 100vw, 770px\" \/><\/a><\/div><a class=\"wp-block-latest-posts__post-title\" href=\"https:\/\/eveha-international.com\/?p=4413&#038;lang=en\">Pegarinhos &#8211; 2023<\/a><\/li>\n<li><div class=\"wp-block-latest-posts__featured-image\"><a href=\"https:\/\/eveha-international.com\/?p=5421&#038;lang=en\" aria-label=\"Pegarinhos &#8211; 2024\"><img loading=\"lazy\" decoding=\"async\" width=\"980\" height=\"551\" src=\"https:\/\/eveha-international.com\/wp-content\/uploads\/2026\/02\/DSC_4120.resized-1024x576-1-1.jpg\" class=\"attachment-large size-large wp-post-image\" alt=\"\" style=\"\" srcset=\"https:\/\/eveha-international.com\/wp-content\/uploads\/2026\/02\/DSC_4120.resized-1024x576-1-1.jpg 1024w, https:\/\/eveha-international.com\/wp-content\/uploads\/2026\/02\/DSC_4120.resized-1024x576-1-1-300x169.jpg 300w, https:\/\/eveha-international.com\/wp-content\/uploads\/2026\/02\/DSC_4120.resized-1024x576-1-1-768x432.jpg 768w\" sizes=\"auto, (max-width: 980px) 100vw, 980px\" \/><\/a><\/div><a class=\"wp-block-latest-posts__post-title\" href=\"https:\/\/eveha-international.com\/?p=5421&#038;lang=en\">Pegarinhos &#8211; 2024<\/a><\/li>\n<li><div class=\"wp-block-latest-posts__featured-image\"><a href=\"https:\/\/eveha-international.com\/?p=4925&#038;lang=en\" aria-label=\"Pegarinhos-2016\"><img loading=\"lazy\" decoding=\"async\" width=\"770\" height=\"485\" src=\"https:\/\/eveha-international.com\/wp-content\/uploads\/2017\/01\/pegarinhos_2016_small.jpg\" class=\"attachment-large size-large wp-post-image\" alt=\"\" style=\"\" srcset=\"https:\/\/eveha-international.com\/wp-content\/uploads\/2017\/01\/pegarinhos_2016_small.jpg 770w, https:\/\/eveha-international.com\/wp-content\/uploads\/2017\/01\/pegarinhos_2016_small-300x189.jpg 300w\" sizes=\"auto, (max-width: 770px) 100vw, 770px\" \/><\/a><\/div><a class=\"wp-block-latest-posts__post-title\" href=\"https:\/\/eveha-international.com\/?p=4925&#038;lang=en\">Pegarinhos-2016<\/a><\/li>\n<\/ul>","protected":false},"excerpt":{"rendered":"<p>Located on a hillside dominated by an Iron Age fort (castro), the site of Vale de Mir-Pegarinhos is being studied by Tony Silvino (\u00c9veha) and Pedro Pereira (CITCEM- Porto University). DirectionTony Silvino\u00a0(\u00c9veha \u2013 UMR 5138, Arch\u00e9ologie et Arch\u00e9om\u00e9trie)Pedro Pereira\u00a0(CITCEM \u2013 Porto university) How Eveha International ParticipatesArchaeological investigation Management Localisation Portugal Location and historical summaryThe site&#8230;<\/p>\n","protected":false},"author":4,"featured_media":4081,"parent":5095,"menu_order":0,"comment_status":"closed","ping_status":"closed","template":"","meta":{"inline_featured_image":false,"_kad_post_transparent":"","_kad_post_title":"","_kad_post_layout":"","_kad_post_sidebar_id":"","_kad_post_content_style":"","_kad_post_vertical_padding":"","_kad_post_feature":"","_kad_post_feature_position":"","_kad_post_header":false,"_kad_post_footer":false,"_kad_post_classname":"","footnotes":""},"class_list":["post-5270","page","type-page","status-publish","has-post-thumbnail","hentry"],"_links":{"self":[{"href":"https:\/\/eveha-international.com\/index.php?rest_route=\/wp\/v2\/pages\/5270","targetHints":{"allow":["GET"]}}],"collection":[{"href":"https:\/\/eveha-international.com\/index.php?rest_route=\/wp\/v2\/pages"}],"about":[{"href":"https:\/\/eveha-international.com\/index.php?rest_route=\/wp\/v2\/types\/page"}],"author":[{"embeddable":true,"href":"https:\/\/eveha-international.com\/index.php?rest_route=\/wp\/v2\/users\/4"}],"replies":[{"embeddable":true,"href":"https:\/\/eveha-international.com\/index.php?rest_route=%2Fwp%2Fv2%2Fcomments&post=5270"}],"version-history":[{"count":1,"href":"https:\/\/eveha-international.com\/index.php?rest_route=\/wp\/v2\/pages\/5270\/revisions"}],"predecessor-version":[{"id":5271,"href":"https:\/\/eveha-international.com\/index.php?rest_route=\/wp\/v2\/pages\/5270\/revisions\/5271"}],"up":[{"embeddable":true,"href":"https:\/\/eveha-international.com\/index.php?rest_route=\/wp\/v2\/pages\/5095"}],"wp:featuredmedia":[{"embeddable":true,"href":"https:\/\/eveha-international.com\/index.php?rest_route=\/wp\/v2\/media\/4081"}],"wp:attachment":[{"href":"https:\/\/eveha-international.com\/index.php?rest_route=%2Fwp%2Fv2%2Fmedia&parent=5270"}],"curies":[{"name":"wp","href":"https:\/\/api.w.org\/{rel}","templated":true}]}}