{"id":5286,"date":"2026-02-25T15:46:26","date_gmt":"2026-02-25T14:46:26","guid":{"rendered":"https:\/\/eveha-international.com\/?page_id=5286"},"modified":"2026-02-25T15:46:26","modified_gmt":"2026-02-25T14:46:26","slug":"pompeii-porta-nocera","status":"publish","type":"page","link":"https:\/\/eveha-international.com\/?page_id=5286&lang=en","title":{"rendered":"Pompeii \u2013 Porta Nocera"},"content":{"rendered":"\n<p class=\"has-text-align-left has-small-font-size\">\u00c9veha International provides part of the funding for a new research programme on the Porta Nocera necropolis in Pompeii directed by William Van Andringa (University of Lille III), Thomas Creissen (\u00c9veha International) and Henri Duday (University of Bordeaux).<\/p>\n\n\n\n<div class=\"wp-block-separator has-alpha-channel-opacity is-style-wide\" style=\"margin-top:var(--wp--preset--spacing--40);margin-bottom:var(--wp--preset--spacing--40)\"><\/div>\n\n\n\n<div class=\"wp-block-columns is-layout-flex wp-container-core-columns-is-layout-9d6595d7 wp-block-columns-is-layout-flex\">\n<div class=\"wp-block-column is-layout-flow wp-block-column-is-layout-flow\">\n<h6 class=\"wp-block-heading has-theme-palette-12-color has-text-color has-link-color has-small-font-size wp-elements-141afb8fa00ebaf52ef8cac5915b183e\">Direction<br><strong>William Van Andringa<\/strong>\u00a0(University of Lille III \u2013 CNRS, UMR 8164 \u2013 HALMA-IPEL, EPHE, since 2018)<br><strong>Thomas Creissen<\/strong>\u00a0(\u00c9veha International \u2013 Fran\u00e7ois Rabelais University, Tours, CNRS UMR 7324 \u2013 LAT)<br><strong>Henri Duday<\/strong>\u00a0(University of Bordeaux \u2013 Anthropological Laboratory of Bordeaux)<\/h6>\n<\/div>\n\n\n\n<div class=\"wp-block-column is-layout-flow wp-block-column-is-layout-flow\">\n<p class=\"has-small-font-size\"><strong>How Eveha International Participates<br><\/strong>Anthropology, <br>archaeological investigation, <br>direction<\/p>\n<\/div>\n\n\n\n<div class=\"wp-block-column is-layout-flow wp-block-column-is-layout-flow\">\n<p class=\"has-small-font-size\"><strong>Localisation<\/strong> <br>Italy<\/p>\n<\/div>\n<\/div>\n\n\n\n<div class=\"wp-block-separator has-text-color has-theme-palette-12-color has-alpha-channel-opacity has-theme-palette-12-background-color has-background is-style-wide\" style=\"margin-top:var(--wp--preset--spacing--60);margin-bottom:var(--wp--preset--spacing--60)\"><\/div>\n\n\n\n<p class=\"has-small-font-size\"><strong>Location and historical summary<\/strong><br>The town of Pompeii is located in the south of Italy, on the bay of Naples. It\u2019s origins date to the end of the 7th and the beginning of the 6th century BC. The town became Samnite in the late 5th century, before gradually being romanised after the conquest of Campania.\u00a0It became a Roman colony in 80 BC, and in 79 AD, it was buried by the eruption of Mount Vesuvius.<br><br>The Roman colonisation led to the development of several cremation necropolises all around the town and its walls, and along the main access roads into Pompeii. Prestigious funerary monuments, sometimes richly decorated, are found alongside more modest enclosures which typically contain several tombs.<br><br>After the eruption, most of the necropolises were completely sealed by volcanic deposits. As a result, until their modern discovery, these burial grounds were preserved in their 79 AD state. They are therefore an extremely important source of information on the morphology of Classical funerary spaces and give us a great insight into how these functioned.<br><br><strong>Research history<\/strong><br>The first tombs at Pompeii were uncovered in the 18th century, at the necropolis of the Herculaneum Gate. These excavations were often carried out rapidly, which in many cases led to erosion of the activity levels associated with the tombs. The burials at the Nocera Gate, which are the focus of a new research programme, were excavated on the initiative of Amedeo Maiuri in the mid-20th century, recently enough to have preserved them from the ravages of time. The necropolis consists of two main groups: the first is located in the immediate vicinity of the Nocera Gate, on both sides of the Nocera road. The second is situated further to the east, along the same route.<br><br>After intensive excavation in the 1950s, more occasional investigations took place in different enclosures within the necropolis. Between 2003 and 2007, five enclosures were the focus of a comprehensive research project which aimed to reconstruct as accurately as possible the morphology and chronology of this part of the necropolis. In particular, these excavations have shed new light on the rituals and customs surrounding death, including the cremation, the placement of the body in the tomb, the commemoration of the dead, and finally the abandon of the tomb.<br><br>A new project, assisted by \u00c9veha International, aims to gain new information by analysing a adjoining sector of the necropolis. In particular, it involves the excavation of the remains of the earliest phases of the necropolis, which were the least well documented during the previous fieldwork project. The project will also test the hypotheses put forward by the previous programme.<br><br>Furthermore, excavations will explore the western part of the Porta Nocera necropolis. Here, the morphology of the funerary structures varies greatly, from prestigious monuments to simple funerary enclosures which sometimes contain impressive alignments of steles.<br><br>Photogrammetry will form an important part of this project, in order to explore the benefits of this new recording technique for the analysis and interpretation of the archaeology.<\/p>\n\n\n\n<div class=\"wp-block-separator has-alpha-channel-opacity is-style-wide\" style=\"margin-top:var(--wp--preset--spacing--60);margin-bottom:var(--wp--preset--spacing--60)\"><\/div>\n\n\n\n<div class=\"wp-block-columns is-layout-flex wp-container-core-columns-is-layout-9d6595d7 wp-block-columns-is-layout-flex\">\n<div class=\"wp-block-column is-layout-flow wp-block-column-is-layout-flow\">\n<p class=\"has-small-font-size\"><strong>Partners<\/strong> <br>Soprintendenza par i Beni Archeologici di Napoli e Pompei(Italie)<br>\u00c9cole Fran\u00e7aise de Rome (France)<br>Universit\u00e9 de Lille III (France)<br>\u00c9veha International (France)<br>Laboratoire d\u2019anthropologie de Bordeaux (France)<br>Archeodunum (France)<br>Programme AGRUMED (France)<\/p>\n<\/div>\n\n\n\n<div class=\"wp-block-column is-layout-flow wp-block-column-is-layout-flow\"><\/div>\n\n\n\n<div class=\"wp-block-column is-layout-flow wp-block-column-is-layout-flow\">\n<p class=\"has-theme-palette-11-color has-text-color has-link-color has-small-font-size wp-elements-7843c0a0d1efebddddf76049bbfb3457\"><strong>Links<\/strong> :<br><a href=\"http:\/\/www.deathinpompeii.com\/index.html\" target=\"_blank\" rel=\"noreferrer noopener\">Arch\u00e9ologie de la mort \u00e0 Pompei &#8211; N\u00e9cropole de Porta Nocera<\/a><br><a href=\"https:\/\/journals.openedition.org\/cefr\/4016\" target=\"_blank\" rel=\"noreferrer noopener\">Chroniques des activit\u00e9s arch\u00e9ologiques de l&rsquo;\u00c9cole fran\u00e7aise de Rome<\/a><br><a href=\"https:\/\/www.efrome.it\/fr\/la-recherche\/programmes\/programmes-scientifiques-2017-2021\/porta-nocera.html?fbclid=IwAR0hTfD2T4bAe9JfUChpumg8LHfrW5pnmDOjs8BEm2ZlbqBjv5l8tjPnNqs\" target=\"_blank\" rel=\"noreferrer noopener\">Programme de recherche (EFRome)<\/a><\/p>\n<\/div>\n<\/div>\n\n\n\n<div class=\"wp-block-separator has-alpha-channel-opacity is-style-wide\" style=\"margin-top:var(--wp--preset--spacing--60);margin-bottom:var(--wp--preset--spacing--60)\"><\/div>\n\n\n\n<h2 class=\"wp-block-heading\">The excavation campaigns (by year)<\/h2>\n\n\n<ul style=\"padding-top:0;padding-bottom:0;padding-left:0;padding-right:0;\" class=\"wp-block-latest-posts__list is-grid columns-4 has-link-color wp-elements-27f00c9ca9159608bb57067cd7a34a55 wp-block-latest-posts has-text-color has-theme-palette-12-color has-small-font-size\"><li><div class=\"wp-block-latest-posts__featured-image\"><a href=\"https:\/\/eveha-international.com\/?p=4982&#038;lang=en\" aria-label=\"Pompeii &#8211; Porta Nocera &#8211; 2014\"><img loading=\"lazy\" decoding=\"async\" width=\"770\" height=\"485\" src=\"https:\/\/eveha-international.com\/wp-content\/uploads\/2015\/06\/porta_fortuna-2014_blog.jpg\" class=\"attachment-large size-large wp-post-image\" alt=\"\" style=\"\" srcset=\"https:\/\/eveha-international.com\/wp-content\/uploads\/2015\/06\/porta_fortuna-2014_blog.jpg 770w, https:\/\/eveha-international.com\/wp-content\/uploads\/2015\/06\/porta_fortuna-2014_blog-300x189.jpg 300w\" sizes=\"auto, (max-width: 770px) 100vw, 770px\" \/><\/a><\/div><a class=\"wp-block-latest-posts__post-title\" href=\"https:\/\/eveha-international.com\/?p=4982&#038;lang=en\">Pompeii &#8211; Porta Nocera &#8211; 2014<\/a><\/li>\n<li><div class=\"wp-block-latest-posts__featured-image\"><a href=\"https:\/\/eveha-international.com\/?p=4965&#038;lang=en\" aria-label=\"Pompeii &#8211; Porta Nocera &#8211; 2015\"><img loading=\"lazy\" decoding=\"async\" width=\"770\" height=\"485\" src=\"https:\/\/eveha-international.com\/wp-content\/uploads\/2016\/02\/PN2015-Fig3-small.jpg\" class=\"attachment-large size-large wp-post-image\" alt=\"\" style=\"\" srcset=\"https:\/\/eveha-international.com\/wp-content\/uploads\/2016\/02\/PN2015-Fig3-small.jpg 770w, https:\/\/eveha-international.com\/wp-content\/uploads\/2016\/02\/PN2015-Fig3-small-300x189.jpg 300w\" sizes=\"auto, (max-width: 770px) 100vw, 770px\" \/><\/a><\/div><a class=\"wp-block-latest-posts__post-title\" href=\"https:\/\/eveha-international.com\/?p=4965&#038;lang=en\">Pompeii &#8211; Porta Nocera &#8211; 2015<\/a><\/li>\n<li><div class=\"wp-block-latest-posts__featured-image\"><a href=\"https:\/\/eveha-international.com\/?p=4762&#038;lang=en\" aria-label=\"Pompeii &#8211; Porta Nocera &#8211; 2016\"><img loading=\"lazy\" decoding=\"async\" width=\"770\" height=\"485\" src=\"https:\/\/eveha-international.com\/wp-content\/uploads\/2018\/03\/pn_2016_small.jpg\" class=\"attachment-large size-large wp-post-image\" alt=\"\" style=\"\" srcset=\"https:\/\/eveha-international.com\/wp-content\/uploads\/2018\/03\/pn_2016_small.jpg 770w, https:\/\/eveha-international.com\/wp-content\/uploads\/2018\/03\/pn_2016_small-300x189.jpg 300w\" sizes=\"auto, (max-width: 770px) 100vw, 770px\" \/><\/a><\/div><a class=\"wp-block-latest-posts__post-title\" href=\"https:\/\/eveha-international.com\/?p=4762&#038;lang=en\">Pompeii &#8211; Porta Nocera &#8211; 2016<\/a><\/li>\n<li><div class=\"wp-block-latest-posts__featured-image\"><a href=\"https:\/\/eveha-international.com\/?p=4720&#038;lang=en\" aria-label=\"Pompeii &#8211; Porta Nocera &#8211; 2017\"><img loading=\"lazy\" decoding=\"async\" width=\"770\" height=\"485\" src=\"https:\/\/eveha-international.com\/wp-content\/uploads\/2018\/03\/nocera_small_2017.jpg\" class=\"attachment-large size-large wp-post-image\" alt=\"\" style=\"\" srcset=\"https:\/\/eveha-international.com\/wp-content\/uploads\/2018\/03\/nocera_small_2017.jpg 770w, https:\/\/eveha-international.com\/wp-content\/uploads\/2018\/03\/nocera_small_2017-300x189.jpg 300w\" sizes=\"auto, (max-width: 770px) 100vw, 770px\" \/><\/a><\/div><a class=\"wp-block-latest-posts__post-title\" href=\"https:\/\/eveha-international.com\/?p=4720&#038;lang=en\">Pompeii &#8211; Porta Nocera &#8211; 2017<\/a><\/li>\n<li><div class=\"wp-block-latest-posts__featured-image\"><a href=\"https:\/\/eveha-international.com\/?p=4446&#038;lang=en\" aria-label=\"Pompeii Porta Nocera &#8211; 2021\"><img loading=\"lazy\" decoding=\"async\" width=\"980\" height=\"268\" src=\"https:\/\/eveha-international.com\/wp-content\/uploads\/2022\/02\/porta_nocera_2021_header-1024x280.jpg\" class=\"attachment-large size-large wp-post-image\" alt=\"\" style=\"\" srcset=\"https:\/\/eveha-international.com\/wp-content\/uploads\/2022\/02\/porta_nocera_2021_header-1024x280.jpg 1024w, https:\/\/eveha-international.com\/wp-content\/uploads\/2022\/02\/porta_nocera_2021_header-300x82.jpg 300w, https:\/\/eveha-international.com\/wp-content\/uploads\/2022\/02\/porta_nocera_2021_header-768x210.jpg 768w, https:\/\/eveha-international.com\/wp-content\/uploads\/2022\/02\/porta_nocera_2021_header-1536x420.jpg 1536w, https:\/\/eveha-international.com\/wp-content\/uploads\/2022\/02\/porta_nocera_2021_header.jpg 2000w\" sizes=\"auto, (max-width: 980px) 100vw, 980px\" \/><\/a><\/div><a class=\"wp-block-latest-posts__post-title\" href=\"https:\/\/eveha-international.com\/?p=4446&#038;lang=en\">Pompeii Porta Nocera &#8211; 2021<\/a><\/li>\n<\/ul>","protected":false},"excerpt":{"rendered":"<p>\u00c9veha International provides part of the funding for a new research programme on the Porta Nocera necropolis in Pompeii directed by William Van Andringa (University of Lille III), Thomas Creissen (\u00c9veha International) and Henri Duday (University of Bordeaux). DirectionWilliam Van Andringa\u00a0(University of Lille III \u2013 CNRS, UMR 8164 \u2013 HALMA-IPEL, EPHE, since 2018)Thomas Creissen\u00a0(\u00c9veha International&#8230;<\/p>\n","protected":false},"author":4,"featured_media":4062,"parent":5095,"menu_order":0,"comment_status":"closed","ping_status":"closed","template":"","meta":{"inline_featured_image":false,"_kad_post_transparent":"","_kad_post_title":"","_kad_post_layout":"","_kad_post_sidebar_id":"","_kad_post_content_style":"","_kad_post_vertical_padding":"","_kad_post_feature":"","_kad_post_feature_position":"","_kad_post_header":false,"_kad_post_footer":false,"_kad_post_classname":"","footnotes":""},"class_list":["post-5286","page","type-page","status-publish","has-post-thumbnail","hentry"],"_links":{"self":[{"href":"https:\/\/eveha-international.com\/index.php?rest_route=\/wp\/v2\/pages\/5286","targetHints":{"allow":["GET"]}}],"collection":[{"href":"https:\/\/eveha-international.com\/index.php?rest_route=\/wp\/v2\/pages"}],"about":[{"href":"https:\/\/eveha-international.com\/index.php?rest_route=\/wp\/v2\/types\/page"}],"author":[{"embeddable":true,"href":"https:\/\/eveha-international.com\/index.php?rest_route=\/wp\/v2\/users\/4"}],"replies":[{"embeddable":true,"href":"https:\/\/eveha-international.com\/index.php?rest_route=%2Fwp%2Fv2%2Fcomments&post=5286"}],"version-history":[{"count":1,"href":"https:\/\/eveha-international.com\/index.php?rest_route=\/wp\/v2\/pages\/5286\/revisions"}],"predecessor-version":[{"id":5287,"href":"https:\/\/eveha-international.com\/index.php?rest_route=\/wp\/v2\/pages\/5286\/revisions\/5287"}],"up":[{"embeddable":true,"href":"https:\/\/eveha-international.com\/index.php?rest_route=\/wp\/v2\/pages\/5095"}],"wp:featuredmedia":[{"embeddable":true,"href":"https:\/\/eveha-international.com\/index.php?rest_route=\/wp\/v2\/media\/4062"}],"wp:attachment":[{"href":"https:\/\/eveha-international.com\/index.php?rest_route=%2Fwp%2Fv2%2Fmedia&parent=5286"}],"curies":[{"name":"wp","href":"https:\/\/api.w.org\/{rel}","templated":true}]}}