{"id":5318,"date":"2026-02-25T17:00:24","date_gmt":"2026-02-25T16:00:24","guid":{"rendered":"https:\/\/eveha-international.com\/?page_id=5318"},"modified":"2026-02-25T17:01:08","modified_gmt":"2026-02-25T16:01:08","slug":"sadie-cove","status":"publish","type":"page","link":"https:\/\/eveha-international.com\/?page_id=5318&lang=en","title":{"rendered":"Sadie Cove"},"content":{"rendered":"\n<p class=\"has-text-align-left has-small-font-size\">The Sadie Cove Project is led by S\u00e9bastien Perrot-Minnot (Eveha International) under the authority of the Alaska Office of History and Archaeology. Sadie Cove is a rock art site adorned with wall paintings in the central southern coast of Alaska (USA).<\/p>\n\n\n\n<div class=\"wp-block-separator has-alpha-channel-opacity is-style-wide\" style=\"margin-top:var(--wp--preset--spacing--40);margin-bottom:var(--wp--preset--spacing--40)\"><\/div>\n\n\n\n<div class=\"wp-block-columns is-layout-flex wp-container-core-columns-is-layout-9d6595d7 wp-block-columns-is-layout-flex\">\n<div class=\"wp-block-column is-layout-flow wp-block-column-is-layout-flow\">\n<h6 class=\"wp-block-heading has-theme-palette-12-color has-text-color has-link-color has-small-font-size wp-elements-92fd6b16a4d6c050d0475cec117b70a3\">Direction<br><strong>S\u00e9bastien Perrot-Minnot<\/strong>&nbsp;(\u00c9veha International)<\/h6>\n<\/div>\n\n\n\n<div class=\"wp-block-column is-layout-flow wp-block-column-is-layout-flow\">\n<p class=\"has-small-font-size\"><strong>Participation d&rsquo;\u00c9veha<br><\/strong>Scient. direction<\/p>\n<\/div>\n\n\n\n<div class=\"wp-block-column is-layout-flow wp-block-column-is-layout-flow\">\n<p class=\"has-small-font-size\"><strong>Localisation<\/strong> <br>United States of America<\/p>\n<\/div>\n<\/div>\n\n\n\n<div class=\"wp-block-separator has-text-color has-theme-palette-12-color has-alpha-channel-opacity has-theme-palette-12-background-color has-background is-style-wide\" style=\"margin-top:var(--wp--preset--spacing--60);margin-bottom:var(--wp--preset--spacing--60)\"><\/div>\n\n\n\n<p class=\"has-small-font-size\">The painted rock shelter of Sadie Cove is located in south-central Alaska (USA), in the Kenai Peninsula, on the shore of a fjord that opens onto Kachemak Bay, which opens onto Cook Inlet, itself part of the Gulf of Alaska (North Pacific).<br><br>Sadie Cove\u2019s paintings are red-coloured and mainly represent a scene with terrestrial and marine mammals. Being very damaged, they could not be associated to any archaeological context. Unfortunately, the excavation of the shelter is very difficult to imagine, the soil being swept by the high tide. Finally, the nearest known pre-European settlement site is some 4 km away.<br><br><strong>Historical background and research axis<\/strong><br>The first research on this site was carried out in the early 1930s by Frederica de Laguna. This anthropologist and archaeologist conducted field surveys and reproduced the paintings. She compared Sadie Cove to other rock art sites of the Cook Inlet region, but according to her, these paintings were \u201cthe most interesting from an artistic point of view\u201d. She attributed them to the \u201cEskimos\u201d and considered that they must have fulfilled a ritual function.<br><br>Later on, punctual research was conducted on the site, as well as new surveys. The remains documentation was particularly developped by the archaeologist and historian Janet Klein since the 1990s. Finally, in the 2000s, the anthropologist Melissa Baird undertook a comparative study of the pictographs in the Cook Inlet region (including Sadie Cove) and in Prince William Sound. She also led a reflection on the cultural dynamics and ritual practices that this rock art site might be reflecting.<br><br>The Sadie Cove Project was created to gather facts and develop reflections on the cultural affiliation, the period and the function of the archaeological remains, but also to record, preserve and highlight this precious and yet highly vulnerable heritage. The project is directed by S\u00e9bastien Perrot-Minnot (archaeologist for \u00c9veha Interntional), under the authority of Alaska Office of History and Archaeology, and in collaboration with the Homer Pratt Museum.<\/p>\n\n\n\n<div class=\"wp-block-separator has-alpha-channel-opacity is-style-wide\" style=\"margin-top:var(--wp--preset--spacing--60);margin-bottom:var(--wp--preset--spacing--60)\"><\/div>\n\n\n\n<div class=\"wp-block-columns is-layout-flex wp-container-core-columns-is-layout-9d6595d7 wp-block-columns-is-layout-flex\">\n<div class=\"wp-block-column is-layout-flow wp-block-column-is-layout-flow\">\n<p class=\"has-small-font-size\"><strong>Partners<\/strong> <br>Alaska Office of History and Archaeology<\/p>\n<\/div>\n\n\n\n<div class=\"wp-block-column is-layout-flow wp-block-column-is-layout-flow\"><\/div>\n\n\n\n<div class=\"wp-block-column is-layout-flow wp-block-column-is-layout-flow\"><\/div>\n<\/div>\n\n\n\n<div class=\"wp-block-separator has-alpha-channel-opacity is-style-wide\" style=\"margin-top:var(--wp--preset--spacing--60);margin-bottom:var(--wp--preset--spacing--60)\"><\/div>\n\n\n\n<h2 class=\"wp-block-heading\">The excavation campaigns (by year)<\/h2>\n\n\n<ul style=\"padding-top:0;padding-bottom:0;padding-left:0;padding-right:0;\" class=\"wp-block-latest-posts__list is-grid columns-4 has-link-color wp-elements-4b9f1175174db8282105a8f01ed9e8d8 wp-block-latest-posts has-text-color has-theme-palette-12-color has-small-font-size\"><li><div class=\"wp-block-latest-posts__featured-image\"><a href=\"https:\/\/eveha-international.com\/?p=4748&#038;lang=en\" aria-label=\"Sadie Cove &#8211; 2017\"><img loading=\"lazy\" decoding=\"async\" width=\"770\" height=\"485\" src=\"https:\/\/eveha-international.com\/wp-content\/uploads\/2017\/10\/sadie-cove_2017_small.jpg\" class=\"attachment-large size-large wp-post-image\" alt=\"\" style=\"\" srcset=\"https:\/\/eveha-international.com\/wp-content\/uploads\/2017\/10\/sadie-cove_2017_small.jpg 770w, https:\/\/eveha-international.com\/wp-content\/uploads\/2017\/10\/sadie-cove_2017_small-300x189.jpg 300w\" sizes=\"auto, (max-width: 770px) 100vw, 770px\" \/><\/a><\/div><a class=\"wp-block-latest-posts__post-title\" href=\"https:\/\/eveha-international.com\/?p=4748&#038;lang=en\">Sadie Cove &#8211; 2017<\/a><\/li>\n<\/ul>","protected":false},"excerpt":{"rendered":"<p>The Sadie Cove Project is led by S\u00e9bastien Perrot-Minnot (Eveha International) under the authority of the Alaska Office of History and Archaeology. Sadie Cove is a rock art site adorned with wall paintings in the central southern coast of Alaska (USA). DirectionS\u00e9bastien Perrot-Minnot&nbsp;(\u00c9veha International) Participation d&rsquo;\u00c9vehaScient. direction Localisation United States of America The painted rock&#8230;<\/p>\n","protected":false},"author":4,"featured_media":3851,"parent":5095,"menu_order":0,"comment_status":"closed","ping_status":"closed","template":"","meta":{"inline_featured_image":false,"_kad_post_transparent":"","_kad_post_title":"","_kad_post_layout":"","_kad_post_sidebar_id":"","_kad_post_content_style":"","_kad_post_vertical_padding":"","_kad_post_feature":"","_kad_post_feature_position":"","_kad_post_header":false,"_kad_post_footer":false,"_kad_post_classname":"","footnotes":""},"class_list":["post-5318","page","type-page","status-publish","has-post-thumbnail","hentry"],"_links":{"self":[{"href":"https:\/\/eveha-international.com\/index.php?rest_route=\/wp\/v2\/pages\/5318","targetHints":{"allow":["GET"]}}],"collection":[{"href":"https:\/\/eveha-international.com\/index.php?rest_route=\/wp\/v2\/pages"}],"about":[{"href":"https:\/\/eveha-international.com\/index.php?rest_route=\/wp\/v2\/types\/page"}],"author":[{"embeddable":true,"href":"https:\/\/eveha-international.com\/index.php?rest_route=\/wp\/v2\/users\/4"}],"replies":[{"embeddable":true,"href":"https:\/\/eveha-international.com\/index.php?rest_route=%2Fwp%2Fv2%2Fcomments&post=5318"}],"version-history":[{"count":1,"href":"https:\/\/eveha-international.com\/index.php?rest_route=\/wp\/v2\/pages\/5318\/revisions"}],"predecessor-version":[{"id":5319,"href":"https:\/\/eveha-international.com\/index.php?rest_route=\/wp\/v2\/pages\/5318\/revisions\/5319"}],"up":[{"embeddable":true,"href":"https:\/\/eveha-international.com\/index.php?rest_route=\/wp\/v2\/pages\/5095"}],"wp:featuredmedia":[{"embeddable":true,"href":"https:\/\/eveha-international.com\/index.php?rest_route=\/wp\/v2\/media\/3851"}],"wp:attachment":[{"href":"https:\/\/eveha-international.com\/index.php?rest_route=%2Fwp%2Fv2%2Fmedia&parent=5318"}],"curies":[{"name":"wp","href":"https:\/\/api.w.org\/{rel}","templated":true}]}}