{"id":5321,"date":"2026-02-25T17:16:45","date_gmt":"2026-02-25T16:16:45","guid":{"rendered":"https:\/\/eveha-international.com\/?page_id=5321"},"modified":"2026-02-25T17:17:21","modified_gmt":"2026-02-25T16:17:21","slug":"sangiran","status":"publish","type":"page","link":"https:\/\/eveha-international.com\/?page_id=5321&lang=en","title":{"rendered":"Sangiran"},"content":{"rendered":"\n<p class=\"has-text-align-left has-small-font-size\">The international participatory school \u00ab\u00a0Human Origins Heritage\u00a0\u00bb was organized in the central part of Java Island for two years by Universitas Kristen Satya Wacana of Salatiga (UKSW) and Mus\u00e9um National d\u2019Histoire Naturelle (MNHN). Its aim is to enable students of various nationalities and academic backgrounds to develop within the framework of this program a short project, with interdisciplinary issues, in contact with the local Sangiran dome communities.<\/p>\n\n\n\n<div class=\"wp-block-separator has-alpha-channel-opacity is-style-wide\" style=\"margin-top:var(--wp--preset--spacing--40);margin-bottom:var(--wp--preset--spacing--40)\"><\/div>\n\n\n\n<div class=\"wp-block-columns is-layout-flex wp-container-core-columns-is-layout-9d6595d7 wp-block-columns-is-layout-flex\">\n<div class=\"wp-block-column is-layout-flow wp-block-column-is-layout-flow\">\n<h6 class=\"wp-block-heading has-theme-palette-12-color has-text-color has-link-color has-small-font-size wp-elements-7aeaed03b71706eeafe47ac537b57502\">Direction<br><strong>Fran\u00e7ois S\u00e9mah&nbsp;<\/strong><br>(Mus\u00e9um National d\u2019Histoire Naturelle)<\/h6>\n<\/div>\n\n\n\n<div class=\"wp-block-column is-layout-flow wp-block-column-is-layout-flow\">\n<p class=\"has-small-font-size\"><strong>How Eveha International Participates<br><\/strong>research and project management<br><\/p>\n<\/div>\n\n\n\n<div class=\"wp-block-column is-layout-flow wp-block-column-is-layout-flow\">\n<p class=\"has-small-font-size\"><strong>Localisation<\/strong> <br>Indon\u00e9sia<\/p>\n<\/div>\n<\/div>\n\n\n\n<div class=\"wp-block-separator has-text-color has-theme-palette-12-color has-alpha-channel-opacity has-theme-palette-12-background-color has-background is-style-wide\" style=\"margin-top:var(--wp--preset--spacing--60);margin-bottom:var(--wp--preset--spacing--60)\"><\/div>\n\n\n\n<p class=\"has-small-font-size\"><strong>Location and Historical Summary<\/strong><br>The <strong>Sangiran Dome<\/strong> is located in central <strong>Java, Indonesia<\/strong>. Archaeological excavations have yielded numerous <em>Homo erectus<\/em> fossils, making Sangiran a major site for the study of Prehistory.<br><br><strong>Research History<\/strong><br>The first archaeological excavations were conducted in the 1930s and continued until the mid-1940s. New excavation campaigns have been organized by the Indonesian authorities since the 1960s. Due to its significance, the site was inscribed on the <strong>UNESCO World Heritage List<\/strong> in 1996.<br><br>In addition to fieldwork, research projects also emphasize training. Within this framework, the <strong>\u00ab\u00a0Human Origins Heritage\u00a0\u00bb<\/strong> participatory international school has been organized in central Java since 2017. This is a joint initiative of the <strong>Universitas Kristen Satya Wacana (UKSW)<\/strong> in Salatiga and the <strong>National Museum of Natural History (MNHN)<\/strong> in Paris.<br><br>The ten-day program takes place on the island of Java, split between the Universitas Kristen Satya Wacana in Salatiga for the theoretical component and the Sangiran World Heritage site for the fieldwork approach.<br><br>The academic ambition is to allow students from various nationalities and academic backgrounds (prehistory, tourism, sociology, sustainable development, biology, and museography) to develop a short, <strong>interdisciplinary research project<\/strong>. This is done through direct contact with the <strong>local communities<\/strong> of the Sangiran Dome (residents, guides, students, and local authority representatives).<br><br>At the crossroads of scientific, heritage, and tourism issues, the goal is for Master\u2019s level students to develop tools through a <strong>participatory approach<\/strong> involving all local stakeholders. This approach aims to reconcile scientific research with cultural, tourism, and economic development at a major site like Sangiran, while preserving the livelihood of local communities.<\/p>\n\n\n\n<div class=\"wp-block-separator has-alpha-channel-opacity is-style-wide\" style=\"margin-top:var(--wp--preset--spacing--60);margin-bottom:var(--wp--preset--spacing--60)\"><\/div>\n\n\n\n<div class=\"wp-block-columns is-layout-flex wp-container-core-columns-is-layout-9d6595d7 wp-block-columns-is-layout-flex\">\n<div class=\"wp-block-column is-layout-flow wp-block-column-is-layout-flow\">\n<p class=\"has-small-font-size\"><strong>Partners<\/strong> <br>Universit\u00e9 Kristen Satya Wacana de Salatiga (UKSW)<br>Mus\u00e9um National d\u2019Histoire Naturelle (MNHN)<br>Centre national de la Recherche Arch\u00e9ologique d\u2019Indon\u00e9sie (Puslit Arkenas)<br>Mus\u00e9e de Sangiran (BPSMPS)<br>Centre National de la Recherche Scientifique (CNRS)<br>Institut pour la Recherche et pour le D\u00e9veloppement (IRD).<\/p>\n<\/div>\n\n\n\n<div class=\"wp-block-column is-layout-flow wp-block-column-is-layout-flow\"><\/div>\n\n\n\n<div class=\"wp-block-column is-layout-flow wp-block-column-is-layout-flow\">\n<p class=\"has-theme-palette-11-color has-text-color has-link-color has-small-font-size wp-elements-cc7cf73186c309f8ae4bd6c99c21b2eb\"><strong>Links<\/strong> :<br><a href=\"https:\/\/whc.unesco.org\/en\/list\/593\/\" target=\"_blank\" rel=\"noreferrer noopener\">Pr\u00e9sentation sur le site de l&rsquo;Unesco<\/a><br><a href=\"http:\/\/indonesie.ird.fr\/toute-l-actualite\/actualites\/ecole-internationale-participative-human-origins-heritage-salatiga-et-sangiran-du-10-au-25-mai-2019\" target=\"_blank\" rel=\"noreferrer noopener\">Article sur le site de l&rsquo;IRD<\/a><br><a href=\"https:\/\/salatiga.go.id\/walikota-terima-kunjungan-mahasiswa-perancis\/\" target=\"_blank\" rel=\"noreferrer noopener\">Article sur le site de Salatiga<\/a><br><a href=\"https:\/\/jateng.tribunnews.com\/2019\/05\/15\/selama-dua-pekan-mahasiswa-lintas-negara-teliti-warisan-sejarah-manusia-di-sangiran-sragen\" target=\"_blank\" rel=\"noreferrer noopener\">Article du Jateng Tribune news<\/a><\/p>\n<\/div>\n<\/div>\n\n\n\n<div class=\"wp-block-separator has-alpha-channel-opacity is-style-wide\" style=\"margin-top:var(--wp--preset--spacing--60);margin-bottom:var(--wp--preset--spacing--60)\"><\/div>\n\n\n\n<h2 class=\"wp-block-heading\">The excavation campaigns (by year)<\/h2>\n\n\n<ul style=\"padding-top:0;padding-bottom:0;padding-left:0;padding-right:0;\" class=\"wp-block-latest-posts__list is-grid columns-4 has-link-color wp-elements-ced2546c71a67f65d87a2ae8522c4de7 wp-block-latest-posts has-text-color has-theme-palette-12-color has-small-font-size\"><li><div class=\"wp-block-latest-posts__featured-image\"><a href=\"https:\/\/eveha-international.com\/?p=4589&#038;lang=en\" aria-label=\"Sangiran &#8211; 2019\"><img loading=\"lazy\" decoding=\"async\" width=\"770\" height=\"485\" src=\"https:\/\/eveha-international.com\/wp-content\/uploads\/2019\/11\/sangiran_2019_small.jpg\" class=\"attachment-large size-large wp-post-image\" alt=\"\" style=\"\" srcset=\"https:\/\/eveha-international.com\/wp-content\/uploads\/2019\/11\/sangiran_2019_small.jpg 770w, https:\/\/eveha-international.com\/wp-content\/uploads\/2019\/11\/sangiran_2019_small-300x189.jpg 300w, https:\/\/eveha-international.com\/wp-content\/uploads\/2019\/11\/sangiran_2019_small-768x484.jpg 768w\" sizes=\"auto, (max-width: 770px) 100vw, 770px\" \/><\/a><\/div><a class=\"wp-block-latest-posts__post-title\" href=\"https:\/\/eveha-international.com\/?p=4589&#038;lang=en\">Sangiran &#8211; 2019<\/a><\/li>\n<\/ul>","protected":false},"excerpt":{"rendered":"<p>The international participatory school \u00ab\u00a0Human Origins Heritage\u00a0\u00bb was organized in the central part of Java Island for two years by Universitas Kristen Satya Wacana of Salatiga (UKSW) and Mus\u00e9um National d\u2019Histoire Naturelle (MNHN). Its aim is to enable students of various nationalities and academic backgrounds to develop within the framework of this program a short&#8230;<\/p>\n","protected":false},"author":4,"featured_media":3787,"parent":5095,"menu_order":0,"comment_status":"closed","ping_status":"closed","template":"","meta":{"inline_featured_image":false,"_kad_post_transparent":"","_kad_post_title":"","_kad_post_layout":"","_kad_post_sidebar_id":"","_kad_post_content_style":"","_kad_post_vertical_padding":"","_kad_post_feature":"","_kad_post_feature_position":"","_kad_post_header":false,"_kad_post_footer":false,"_kad_post_classname":"","footnotes":""},"class_list":["post-5321","page","type-page","status-publish","has-post-thumbnail","hentry"],"_links":{"self":[{"href":"https:\/\/eveha-international.com\/index.php?rest_route=\/wp\/v2\/pages\/5321","targetHints":{"allow":["GET"]}}],"collection":[{"href":"https:\/\/eveha-international.com\/index.php?rest_route=\/wp\/v2\/pages"}],"about":[{"href":"https:\/\/eveha-international.com\/index.php?rest_route=\/wp\/v2\/types\/page"}],"author":[{"embeddable":true,"href":"https:\/\/eveha-international.com\/index.php?rest_route=\/wp\/v2\/users\/4"}],"replies":[{"embeddable":true,"href":"https:\/\/eveha-international.com\/index.php?rest_route=%2Fwp%2Fv2%2Fcomments&post=5321"}],"version-history":[{"count":1,"href":"https:\/\/eveha-international.com\/index.php?rest_route=\/wp\/v2\/pages\/5321\/revisions"}],"predecessor-version":[{"id":5322,"href":"https:\/\/eveha-international.com\/index.php?rest_route=\/wp\/v2\/pages\/5321\/revisions\/5322"}],"up":[{"embeddable":true,"href":"https:\/\/eveha-international.com\/index.php?rest_route=\/wp\/v2\/pages\/5095"}],"wp:featuredmedia":[{"embeddable":true,"href":"https:\/\/eveha-international.com\/index.php?rest_route=\/wp\/v2\/media\/3787"}],"wp:attachment":[{"href":"https:\/\/eveha-international.com\/index.php?rest_route=%2Fwp%2Fv2%2Fmedia&parent=5321"}],"curies":[{"name":"wp","href":"https:\/\/api.w.org\/{rel}","templated":true}]}}