{"id":5328,"date":"2026-02-25T17:25:09","date_gmt":"2026-02-25T16:25:09","guid":{"rendered":"https:\/\/eveha-international.com\/?page_id=5328"},"modified":"2026-02-25T17:25:09","modified_gmt":"2026-02-25T16:25:09","slug":"silla-del-papa","status":"publish","type":"page","link":"https:\/\/eveha-international.com\/?page_id=5328&lang=en","title":{"rendered":"Silla del Papa"},"content":{"rendered":"\n<p class=\"has-text-align-left has-small-font-size\">La Silla del Papa is a pre-Roman hilltop site northwest of Tarifa (Spain). The settlement was occupied throughout the Iron Age, before being abandoned around 20 BC. Since 2007, several excavation campaigns have been organized under the direction of Pierre Moret (UMR 5608-TRACES).<\/p>\n\n\n\n<div class=\"wp-block-separator has-alpha-channel-opacity is-style-wide\" style=\"margin-top:var(--wp--preset--spacing--40);margin-bottom:var(--wp--preset--spacing--40)\"><\/div>\n\n\n\n<div class=\"wp-block-columns is-layout-flex wp-container-core-columns-is-layout-9d6595d7 wp-block-columns-is-layout-flex\">\n<div class=\"wp-block-column is-layout-flow wp-block-column-is-layout-flow\">\n<h6 class=\"wp-block-heading has-theme-palette-12-color has-text-color has-link-color has-small-font-size wp-elements-3bab05cf145979f0fd99da5fbccf3e1e\">Direction<br><strong>Pierre Moret<\/strong>&nbsp;(UMR 5608 \u2013 TRACES)<br><strong>Jean-Marc Fabre<\/strong>&nbsp;(UMR 5608 \u2013 TRACES)<\/h6>\n<\/div>\n\n\n\n<div class=\"wp-block-column is-layout-flow wp-block-column-is-layout-flow\">\n<p class=\"has-small-font-size\"><strong>How Eveha International Participates<br><\/strong>Services for the study of ceramic and amphora artifacts <br>Collaboration in the publication of the recent excavation results<\/p>\n<\/div>\n\n\n\n<div class=\"wp-block-column is-layout-flow wp-block-column-is-layout-flow\">\n<p class=\"has-small-font-size\"><strong>Localisation<\/strong> <br>Spain<\/p>\n<\/div>\n<\/div>\n\n\n\n<div class=\"wp-block-separator has-text-color has-theme-palette-12-color has-alpha-channel-opacity has-theme-palette-12-background-color has-background is-style-wide\" style=\"margin-top:var(--wp--preset--spacing--60);margin-bottom:var(--wp--preset--spacing--60)\"><\/div>\n\n\n\n<p class=\"has-small-font-size\"><strong>Location and historical summary<\/strong><br>This key site on the northern shore of the Strait of Gibraltar, the oppidum of Bailo \/ La Silla del Papa, was occupied throughout the first millennium BC, until it was abandoned at the beginning of the reign of Augustus, when a new town, later named Baelo Claudia, was built on the coast. The archaeological site of La Silla del Papa lies 4 km from the coast, on the highest point of a small coastal range that constitutes one of the main control points of the strait to the west of Tarifa. The spatial organization of the ancient settlement is conditioned by the existence of two parallel rocky bars, oriented north-south, which delimit a narrow corridor 420 m long. Test pits have shown that the entire site was occupied from the First Iron Age onwards. Urban planning at La Silla del Papa is only well documented for the last phase of the site\u2019s occupation, in the 2nd and 1st centuries BC. At that time, dense settlement was concentrated between the two ridge lines, which were completed and heightened by a fortified enclosure. However, the occupied zone extended beyond the city walls, covering some ten hectares in all. Outside the fortified settlement, two necropolises have been discovered and partially excavated, one to the south-west (Zone D), the other to the north-west (Zone J). Both have highly original features in common. The only function of the ashlar monuments uncovered was to serve as signposts. They do not contain graves: the burials, arranged around these monuments, consist of cinerary urns placed in the ground. Long after the site had been abandoned, a church was built during the High Middle Ages on the site of the south-western necropolis. Excavation of this church, abandoned as early as the 8th century AD, has enabled us to retrace the history of a Christian place of worship between the Visigothic and Emirate periods. The results of excavation campaigns at both necropolises have been published in a number of publications, including a summary monograph. As part of the collaboration between \u00c9veha International and Pierre Moret\u2019s team, amphorologist Max Luaces (\u00c9veha) is involved in the study and publication of the site\u2019s ceramic material.<br><br><strong>History of research<\/strong><br>The Silla del Papa site has been known since the early 20th century, but its archaeological exploration only began in 2007, with the establishment of the first research programs under the direction of Prof. Pierre Moret (UMR 5608-TRACES). Field operations gained momentum from 2014, thanks to support from the ANR (Franco-German ARCHEOSTRAITS program, 2014-2018), the French Ministry of Foreign Affairs, Casa de Vel\u00e1zquez, UMR TRACES 5608 (CNRS \u2013 University of Toulouse), the University of Alicante, the University of Seville and the Conjunto Arqueol\u00f3gico de Baelo Claudia. Since 2017, several excavation campaigns have focused on the two necropolises uncovered. These excavations have uncovered several funerary monuments, and above all numerous cinerary urns associated with these monuments.<\/p>\n\n\n\n<div class=\"wp-block-separator has-alpha-channel-opacity is-style-wide\" style=\"margin-top:var(--wp--preset--spacing--60);margin-bottom:var(--wp--preset--spacing--60)\"><\/div>\n\n\n\n<div class=\"wp-block-columns is-layout-flex wp-container-core-columns-is-layout-9d6595d7 wp-block-columns-is-layout-flex\">\n<div class=\"wp-block-column is-layout-flow wp-block-column-is-layout-flow\">\n<p class=\"has-small-font-size\"><strong>Partners<\/strong> <br>Conjunto arqueol\u00f3gico de Baelo Claudia<br>Casa de Vel\u00e1zquez<br>UMR 5608, Traces (CNRS \u2013 Universit\u00e9 Toulouse Jean-Jaur\u00e8s)<br>University of Alicante<br>University of Seville<\/p>\n<\/div>\n\n\n\n<div class=\"wp-block-column is-layout-flow wp-block-column-is-layout-flow\"><\/div>\n\n\n\n<div class=\"wp-block-column is-layout-flow wp-block-column-is-layout-flow\">\n<p class=\"has-theme-palette-11-color has-text-color has-link-color has-small-font-size wp-elements-ff77ce3327f89fc39b470ef9c093717d\"><strong>Links<\/strong> :<br><a href=\"https:\/\/archeocvz.hypotheses.org\/category\/programmes-pluriannuels\/la-silla-del-papa-tarifa-cadiz\" target=\"_blank\" rel=\"noreferrer noopener\">Arch\u00e9o-CVZ, carnet des fouilles arch\u00e9ologiques de la Casa de Vel\u00e1zquez<\/a><br><br><a href=\"https:\/\/blogs.univ-tlse2.fr\/archeostraits\/\" target=\"_blank\" rel=\"noreferrer noopener\">Archeostraits Arch\u00e9ologie protohistorique du d\u00e9troit de Gibraltar<\/a><\/p>\n<\/div>\n<\/div>\n\n\n\n<div class=\"wp-block-separator has-alpha-channel-opacity is-style-wide\" style=\"margin-top:var(--wp--preset--spacing--60);margin-bottom:var(--wp--preset--spacing--60)\"><\/div>\n\n\n\n<h2 class=\"wp-block-heading\">The excavation campaigns (by year)<\/h2>\n\n\n<ul style=\"padding-top:0;padding-bottom:0;padding-left:0;padding-right:0;\" class=\"wp-block-latest-posts__list is-grid columns-4 has-link-color wp-elements-b7cfea08034ddb69b53f682e9ae2422b wp-block-latest-posts has-text-color has-theme-palette-12-color has-small-font-size\"><li><div class=\"wp-block-latest-posts__featured-image\"><a href=\"https:\/\/eveha-international.com\/?p=5043&#038;lang=en\" aria-label=\"Silla del Papa &#8211; 2024\"><img loading=\"lazy\" decoding=\"async\" width=\"980\" height=\"781\" src=\"https:\/\/eveha-international.com\/wp-content\/uploads\/2026\/01\/fig.-3-Urnes-Bat-D6-1024x816-1.jpg\" class=\"attachment-large size-large wp-post-image\" alt=\"\" style=\"\" srcset=\"https:\/\/eveha-international.com\/wp-content\/uploads\/2026\/01\/fig.-3-Urnes-Bat-D6-1024x816-1.jpg 1024w, https:\/\/eveha-international.com\/wp-content\/uploads\/2026\/01\/fig.-3-Urnes-Bat-D6-1024x816-1-300x239.jpg 300w, https:\/\/eveha-international.com\/wp-content\/uploads\/2026\/01\/fig.-3-Urnes-Bat-D6-1024x816-1-768x612.jpg 768w\" sizes=\"auto, (max-width: 980px) 100vw, 980px\" \/><\/a><\/div><a class=\"wp-block-latest-posts__post-title\" href=\"https:\/\/eveha-international.com\/?p=5043&#038;lang=en\">Silla del Papa &#8211; 2024<\/a><\/li>\n<\/ul>","protected":false},"excerpt":{"rendered":"<p>La Silla del Papa is a pre-Roman hilltop site northwest of Tarifa (Spain). The settlement was occupied throughout the Iron Age, before being abandoned around 20 BC. Since 2007, several excavation campaigns have been organized under the direction of Pierre Moret (UMR 5608-TRACES). DirectionPierre Moret&nbsp;(UMR 5608 \u2013 TRACES)Jean-Marc Fabre&nbsp;(UMR 5608 \u2013 TRACES) How Eveha International&#8230;<\/p>\n","protected":false},"author":4,"featured_media":3620,"parent":5095,"menu_order":0,"comment_status":"closed","ping_status":"closed","template":"","meta":{"inline_featured_image":false,"_kad_post_transparent":"","_kad_post_title":"","_kad_post_layout":"","_kad_post_sidebar_id":"","_kad_post_content_style":"","_kad_post_vertical_padding":"","_kad_post_feature":"","_kad_post_feature_position":"","_kad_post_header":false,"_kad_post_footer":false,"_kad_post_classname":"","footnotes":""},"class_list":["post-5328","page","type-page","status-publish","has-post-thumbnail","hentry"],"_links":{"self":[{"href":"https:\/\/eveha-international.com\/index.php?rest_route=\/wp\/v2\/pages\/5328","targetHints":{"allow":["GET"]}}],"collection":[{"href":"https:\/\/eveha-international.com\/index.php?rest_route=\/wp\/v2\/pages"}],"about":[{"href":"https:\/\/eveha-international.com\/index.php?rest_route=\/wp\/v2\/types\/page"}],"author":[{"embeddable":true,"href":"https:\/\/eveha-international.com\/index.php?rest_route=\/wp\/v2\/users\/4"}],"replies":[{"embeddable":true,"href":"https:\/\/eveha-international.com\/index.php?rest_route=%2Fwp%2Fv2%2Fcomments&post=5328"}],"version-history":[{"count":1,"href":"https:\/\/eveha-international.com\/index.php?rest_route=\/wp\/v2\/pages\/5328\/revisions"}],"predecessor-version":[{"id":5329,"href":"https:\/\/eveha-international.com\/index.php?rest_route=\/wp\/v2\/pages\/5328\/revisions\/5329"}],"up":[{"embeddable":true,"href":"https:\/\/eveha-international.com\/index.php?rest_route=\/wp\/v2\/pages\/5095"}],"wp:featuredmedia":[{"embeddable":true,"href":"https:\/\/eveha-international.com\/index.php?rest_route=\/wp\/v2\/media\/3620"}],"wp:attachment":[{"href":"https:\/\/eveha-international.com\/index.php?rest_route=%2Fwp%2Fv2%2Fmedia&parent=5328"}],"curies":[{"name":"wp","href":"https:\/\/api.w.org\/{rel}","templated":true}]}}