{"id":5334,"date":"2026-02-26T15:28:35","date_gmt":"2026-02-26T14:28:35","guid":{"rendered":"https:\/\/eveha-international.com\/?page_id=5334"},"modified":"2026-02-26T15:36:52","modified_gmt":"2026-02-26T14:36:52","slug":"tanis","status":"publish","type":"page","link":"https:\/\/eveha-international.com\/?page_id=5334&lang=en","title":{"rendered":"Tanis"},"content":{"rendered":"\n<p class=\"has-text-align-left has-small-font-size\">In 2012, \u00c9veha International took part in excavations at Tanis, as part of the Mission Fran\u00e7aise des Fouilles de Tanis (EPHE\/MAE). This partnership was renewed in 2014 in the context of a new MFFT research programm, directed by Fran\u00e7ois Lecl\u00e8re.<\/p>\n\n\n\n<div class=\"wp-block-separator has-alpha-channel-opacity is-style-wide\" style=\"margin-top:var(--wp--preset--spacing--40);margin-bottom:var(--wp--preset--spacing--40)\"><\/div>\n\n\n\n<div class=\"wp-block-columns is-layout-flex wp-container-core-columns-is-layout-9d6595d7 wp-block-columns-is-layout-flex\">\n<div class=\"wp-block-column is-layout-flow wp-block-column-is-layout-flow\">\n<h6 class=\"wp-block-heading has-theme-palette-12-color has-text-color has-link-color has-small-font-size wp-elements-39dac5ed2f58754c124432c22a43357a\">Direction<br><strong>Fran\u00e7ois Lecl\u00e8re\u00a0<\/strong>(PSL Research University Paris \/ EPHE Sciences religieuses, EA 4519 \u2013 \u00c9gypte ancienne : arch\u00e9ologie, langue religion)<\/h6>\n<\/div>\n\n\n\n<div class=\"wp-block-column is-layout-flow wp-block-column-is-layout-flow\">\n<p class=\"has-small-font-size\"><strong>How Eveha International Participates<br><\/strong>Topography Archaeological <br>Coring<\/p>\n<\/div>\n\n\n\n<div class=\"wp-block-column is-layout-flow wp-block-column-is-layout-flow\">\n<p class=\"has-small-font-size\"><strong>Localisation<\/strong> <br>Egypt<\/p>\n<\/div>\n<\/div>\n\n\n\n<div class=\"wp-block-separator has-text-color has-theme-palette-12-color has-alpha-channel-opacity has-theme-palette-12-background-color has-background is-style-wide\" style=\"margin-top:var(--wp--preset--spacing--60);margin-bottom:var(--wp--preset--spacing--60)\"><\/div>\n\n\n\n<p class=\"has-small-font-size\"><strong>Location and historical summary<\/strong><br>Located in the north-east of the Nile Delta in Egypt, approximately 120 kilometres from Cairo, the tell of Tanis has a surface area of almost 180 hectares and rises to approximately 30 metres in height, overlooking the cultivated plain and the modern town of San el-Hagar.<br><br>Tanis dates back to no earlier than the very end of the 2<sup>nd<\/sup>\u00a0millennium BC, and under the 21<sup>st<\/sup>\u00a0and 22<sup>nd<\/sup>\u00a0dynasties (1069-730 BC) it becomes the political, religious and funerary centre of the north of the country, which was at that time divided by serious discord. The town succeeded Avaris and Pi-Ramesses, the former capitals of Pharoahs Hyksos and Ramesses, which were located beside one another about 25 kilometres to the south, on a neighbouring branch of the Nile. Tanis thus became the new main Mediterranean port of Egypt. It was replaced in turn by Naucratis from the 7<sup>th<\/sup>-6<sup>th<\/sup>\u00a0centuries BC, which was next to the new dynastic residence at Sais, in the west of the Delta. Tanis nevertheless continued to develop over the following centuries and remained an important urban centre until the Romano-Byzantine period. Archaeological discoveries have demonstrated that Tanis was probably originally conceived as a replica of Thebes in Upper Egypt, imitating the geographical and architectural layout of its temples, dedicated to the same triad of tutelary deities \u2013 Amun, Mut and Khonsu. Thus, the temples of Amun and Mut were located to the north of the site, like those at Karnak, while the temple of Amun of Opet, to the south, recalls the temple at Luxor. However, there are a number of differences with the Theban model. The royal necropolis, made up of the tombs of the rulers of the 21<sup>st<\/sup>\u00a0and 22<sup>nd<\/sup>\u00a0dynasties, was incorporated into the sacred zone of Amun. The discovery of this group \u2013 intact \u2013 during the second world war was the most important of its kind after that of the tomb of Tutankhamun. The development of the cult and temple of Horus of Mesen, over the course of Tanis\u2019 history, is another particularity of the area.<br><br>Due to the absence of stone resources in the area, the construction of the temples at Tanis was principally carried out by reusing blocks, statues, obelisks and columns from the neighbouring towns of Avaris and Pi-Ramesses. However, the majority of the town\u2019s ruins consist of an impressive quantity of mud brick structures, dating from the successive phases of occupation of the town up to the Byzantine period.<br><br><strong>Research history<\/strong><br>The site of San el-Hagar was first identified in the 18<sup>th<\/sup>\u00a0century, and was explored and surveyed by the French Campaign in Egypt. During the 19<sup>th<\/sup>\u00a0century it was occasionally excavated by French and British archaeologists. From 1929 to 1956, the site underwent regular excavation, directed by Pierre Montet, professor at the University of Strasbourg and later at the Coll\u00e8ge de France. Several spectacular discoveries were made during this period, including the royal tombs, partly intact, in which rich material was discovered. From 1965, the\u00a0<em>Mission Fran\u00e7aise des Fouilles de Tanis\u00a0<\/em>(MFFT) took over from the Montet project. The MFFT was created by the Religious Sciences Section of the\u00a0<em>Ecole Pratique des Hautes \u00c9tudes<\/em>\u00a0under the patronage of the\u00a0<em>Acad\u00e9mie des Inscriptions et Belles-Lettres\u00a0<\/em>and with principal funding from the Ministry of Foreign Affairs. It was initially directed by its founder, Professor Jean Yoyotte, until 1984, and then by Philippe Brissaud until 2013.<br><br>In autumn of 2013, a new MFFT research project was launched by Fran\u00e7ois Lecl\u00e8re, who has taken up the position of director of the archaeological work on the site. This project focuses mainly on the urban structure of the town and its riverine and lacustrine surroundings, but also involves a renewal of epigraphical studies relating to the Third Intermediate Period.<\/p>\n\n\n\n<div class=\"wp-block-separator has-alpha-channel-opacity is-style-wide\" style=\"margin-top:var(--wp--preset--spacing--60);margin-bottom:var(--wp--preset--spacing--60)\"><\/div>\n\n\n\n<div class=\"wp-block-columns is-layout-flex wp-container-core-columns-is-layout-9d6595d7 wp-block-columns-is-layout-flex\">\n<div class=\"wp-block-column is-layout-flow wp-block-column-is-layout-flow\">\n<p class=\"has-small-font-size\"><strong>Partners<\/strong> <br>Mission Fran\u00e7aise des Fouilles de Tanis (\u00c9cole pratique des hautes \u00e9tudes, Section des Sciences religieuses, EA 4519 \u2014 \u00c9gypte ancienne : arch\u00e9ologie, langue, religion, Centre Wladimir Gol\u00e9nischeff \/ Minist\u00e8re des Affaires \u00e9trang\u00e8res)<br>CNRS, UMR 8167 \u2014 Orient et M\u00e9diterran\u00e9e, \u00c9quipe Mondes pharaoniques, Universit\u00e9 de Paris 4<br>CNRS, UMR 5133 \u2014 Laboratoire Arch\u00e9orient : Environnements et soci\u00e9t\u00e9s de l\u2019Orient ancien, Maison de l\u2019Orient et de la M\u00e9diterran\u00e9e, Universit\u00e9 Lumi\u00e8re, Lyon 2<br>CNRS UMR 7362 \u2014 Laboratoire Image, Ville, Environnement, Universit\u00e9 Pasteur, Strasbourg<br>Instytut Archeologii i Etnologii Polskiej Akademii Nauk (Pologne)<br>Institut fran\u00e7ais d\u2019arch\u00e9ologie orientale<br>Conseil supr\u00eame des Antiquit\u00e9s \u00e9gyptiennes<\/p>\n<\/div>\n\n\n\n<div class=\"wp-block-column is-layout-flow wp-block-column-is-layout-flow\"><\/div>\n\n\n\n<div class=\"wp-block-column is-layout-flow wp-block-column-is-layout-flow\">\n<p class=\"has-theme-palette-11-color has-text-color has-link-color has-small-font-size wp-elements-c51e6e6b503652a16d18a407271f53d9\"><strong>Links<\/strong> :<br><a href=\"http:\/\/www.ephe.fr\/annuaire-de-la-recherche\/mission-francaise-des-fouilles-de-tanis-mfft.html\" target=\"_blank\" rel=\"noreferrer noopener\">Pr\u00e9sentation de la MFFT<\/a><br><a href=\"http:\/\/www.ephe.sorbonne.fr\/annuaire-de-la-recherche\/egypte-ancienne-archeologie-langue-religion-ea-4519.html\" target=\"_blank\" rel=\"noreferrer noopener\">EPHE-SR, EA 4519 \u2014 \u00c9gypte ancienne : arch\u00e9ologie, langue religion<\/a><br><a href=\"http:\/\/www.aibl.fr\/prix-et-fondations\/fondations\/fondation-jean-leclant\/prix-2015-521\/\" target=\"_blank\" rel=\"noreferrer noopener\">Prix Jean et Marie-Fran\u00e7oise Leclant 2015 (Fondation Jean Leclant, AIBL)<\/a><br><a href=\"http:\/\/www.aibl.fr\/fouilles-archeologiques\/article\/programme-tanis-egypte-francois\" target=\"_blank\" rel=\"noreferrer noopener\">Label de l&rsquo;AIBL 2016<\/a><\/p>\n<\/div>\n<\/div>\n\n\n\n<div class=\"wp-block-separator has-alpha-channel-opacity is-style-wide\" style=\"margin-top:var(--wp--preset--spacing--60);margin-bottom:var(--wp--preset--spacing--60)\"><\/div>\n\n\n\n<h2 class=\"wp-block-heading\">The excavation campaigns (by year)<\/h2>\n\n\n<ul style=\"padding-top:0;padding-bottom:0;padding-left:0;padding-right:0;\" class=\"wp-block-latest-posts__list is-grid columns-4 has-link-color wp-elements-6d549b8ec02af15c6fd44a5a76d88fcf wp-block-latest-posts has-text-color has-theme-palette-12-color has-small-font-size\"><li><div class=\"wp-block-latest-posts__featured-image\"><a href=\"https:\/\/eveha-international.com\/?p=5026&#038;lang=en\" aria-label=\"Tanis &#8211; 2012\"><img loading=\"lazy\" decoding=\"async\" width=\"770\" height=\"485\" src=\"https:\/\/eveha-international.com\/wp-content\/uploads\/2015\/06\/tanis-2012_blog.jpg\" class=\"attachment-large size-large wp-post-image\" alt=\"\" style=\"\" srcset=\"https:\/\/eveha-international.com\/wp-content\/uploads\/2015\/06\/tanis-2012_blog.jpg 770w, https:\/\/eveha-international.com\/wp-content\/uploads\/2015\/06\/tanis-2012_blog-300x189.jpg 300w\" sizes=\"auto, (max-width: 770px) 100vw, 770px\" \/><\/a><\/div><a class=\"wp-block-latest-posts__post-title\" href=\"https:\/\/eveha-international.com\/?p=5026&#038;lang=en\">Tanis &#8211; 2012<\/a><\/li>\n<li><div class=\"wp-block-latest-posts__featured-image\"><a href=\"https:\/\/eveha-international.com\/?p=4985&#038;lang=en\" aria-label=\"Tanis &#8211; 2014\"><img loading=\"lazy\" decoding=\"async\" width=\"980\" height=\"617\" src=\"https:\/\/eveha-international.com\/wp-content\/uploads\/2015\/06\/tanis-2014_blog-1024x645.jpg\" class=\"attachment-large size-large wp-post-image\" alt=\"\" style=\"\" srcset=\"https:\/\/eveha-international.com\/wp-content\/uploads\/2015\/06\/tanis-2014_blog-1024x645.jpg 1024w, https:\/\/eveha-international.com\/wp-content\/uploads\/2015\/06\/tanis-2014_blog-300x189.jpg 300w\" sizes=\"auto, (max-width: 980px) 100vw, 980px\" \/><\/a><\/div><a class=\"wp-block-latest-posts__post-title\" href=\"https:\/\/eveha-international.com\/?p=4985&#038;lang=en\">Tanis &#8211; 2014<\/a><\/li>\n<li><div class=\"wp-block-latest-posts__featured-image\"><a href=\"https:\/\/eveha-international.com\/?p=4940&#038;lang=en\" aria-label=\"Tanis &#8211; 2015\"><img loading=\"lazy\" decoding=\"async\" width=\"770\" height=\"485\" src=\"https:\/\/eveha-international.com\/wp-content\/uploads\/2016\/10\/kunara_2015_small1.jpg\" class=\"attachment-large size-large wp-post-image\" alt=\"\" style=\"\" srcset=\"https:\/\/eveha-international.com\/wp-content\/uploads\/2016\/10\/kunara_2015_small1.jpg 770w, https:\/\/eveha-international.com\/wp-content\/uploads\/2016\/10\/kunara_2015_small1-300x189.jpg 300w\" sizes=\"auto, (max-width: 770px) 100vw, 770px\" \/><\/a><\/div><a class=\"wp-block-latest-posts__post-title\" href=\"https:\/\/eveha-international.com\/?p=4940&#038;lang=en\">Tanis &#8211; 2015<\/a><\/li>\n<li><div class=\"wp-block-latest-posts__featured-image\"><a href=\"https:\/\/eveha-international.com\/?p=4737&#038;lang=en\" aria-label=\"Tanis &#8211; 2016\"><img loading=\"lazy\" decoding=\"async\" width=\"770\" height=\"485\" src=\"https:\/\/eveha-international.com\/wp-content\/uploads\/2017\/10\/tanis-2016_small.jpg\" class=\"attachment-large size-large wp-post-image\" alt=\"\" style=\"\" srcset=\"https:\/\/eveha-international.com\/wp-content\/uploads\/2017\/10\/tanis-2016_small.jpg 770w, https:\/\/eveha-international.com\/wp-content\/uploads\/2017\/10\/tanis-2016_small-300x189.jpg 300w\" sizes=\"auto, (max-width: 770px) 100vw, 770px\" \/><\/a><\/div><a class=\"wp-block-latest-posts__post-title\" href=\"https:\/\/eveha-international.com\/?p=4737&#038;lang=en\">Tanis &#8211; 2016<\/a><\/li>\n<\/ul>\n\n\n<p><\/p>\n","protected":false},"excerpt":{"rendered":"<p>In 2012, \u00c9veha International took part in excavations at Tanis, as part of the Mission Fran\u00e7aise des Fouilles de Tanis (EPHE\/MAE). This partnership was renewed in 2014 in the context of a new MFFT research programm, directed by Fran\u00e7ois Lecl\u00e8re. DirectionFran\u00e7ois Lecl\u00e8re\u00a0(PSL Research University Paris \/ EPHE Sciences religieuses, EA 4519 \u2013 \u00c9gypte ancienne :&#8230;<\/p>\n","protected":false},"author":4,"featured_media":4056,"parent":5095,"menu_order":0,"comment_status":"closed","ping_status":"closed","template":"","meta":{"inline_featured_image":false,"_kad_post_transparent":"","_kad_post_title":"","_kad_post_layout":"","_kad_post_sidebar_id":"","_kad_post_content_style":"","_kad_post_vertical_padding":"","_kad_post_feature":"","_kad_post_feature_position":"","_kad_post_header":false,"_kad_post_footer":false,"_kad_post_classname":"","footnotes":""},"class_list":["post-5334","page","type-page","status-publish","has-post-thumbnail","hentry"],"_links":{"self":[{"href":"https:\/\/eveha-international.com\/index.php?rest_route=\/wp\/v2\/pages\/5334","targetHints":{"allow":["GET"]}}],"collection":[{"href":"https:\/\/eveha-international.com\/index.php?rest_route=\/wp\/v2\/pages"}],"about":[{"href":"https:\/\/eveha-international.com\/index.php?rest_route=\/wp\/v2\/types\/page"}],"author":[{"embeddable":true,"href":"https:\/\/eveha-international.com\/index.php?rest_route=\/wp\/v2\/users\/4"}],"replies":[{"embeddable":true,"href":"https:\/\/eveha-international.com\/index.php?rest_route=%2Fwp%2Fv2%2Fcomments&post=5334"}],"version-history":[{"count":1,"href":"https:\/\/eveha-international.com\/index.php?rest_route=\/wp\/v2\/pages\/5334\/revisions"}],"predecessor-version":[{"id":5335,"href":"https:\/\/eveha-international.com\/index.php?rest_route=\/wp\/v2\/pages\/5334\/revisions\/5335"}],"up":[{"embeddable":true,"href":"https:\/\/eveha-international.com\/index.php?rest_route=\/wp\/v2\/pages\/5095"}],"wp:featuredmedia":[{"embeddable":true,"href":"https:\/\/eveha-international.com\/index.php?rest_route=\/wp\/v2\/media\/4056"}],"wp:attachment":[{"href":"https:\/\/eveha-international.com\/index.php?rest_route=%2Fwp%2Fv2%2Fmedia&parent=5334"}],"curies":[{"name":"wp","href":"https:\/\/api.w.org\/{rel}","templated":true}]}}