{"id":5344,"date":"2026-02-26T15:52:05","date_gmt":"2026-02-26T14:52:05","guid":{"rendered":"https:\/\/eveha-international.com\/?page_id=5344"},"modified":"2026-02-26T15:52:50","modified_gmt":"2026-02-26T14:52:50","slug":"tell-keila","status":"publish","type":"page","link":"https:\/\/eveha-international.com\/?page_id=5344&lang=en","title":{"rendered":"Tell Keila"},"content":{"rendered":"\n<p class=\"has-text-align-left has-small-font-size\">Tell Keila, inhabited since the Bronze Age until the middle of the 20th century, has been studied since 2015 by a mission of the University of Montpellier 3 (Sylvie Bl\u00e9try, mission of the EA 4424 CRISES, then of the Labex Archim\u00e8de and the French Ministry of Europe and Foreign Affairs)<\/p>\n\n\n\n<div class=\"wp-block-separator has-alpha-channel-opacity is-style-wide\" style=\"margin-top:var(--wp--preset--spacing--40);margin-bottom:var(--wp--preset--spacing--40)\"><\/div>\n\n\n\n<div class=\"wp-block-columns is-layout-flex wp-container-core-columns-is-layout-9d6595d7 wp-block-columns-is-layout-flex\">\n<div class=\"wp-block-column is-layout-flow wp-block-column-is-layout-flow\">\n<h6 class=\"wp-block-heading has-theme-palette-12-color has-text-color has-link-color has-small-font-size wp-elements-72920096fc70a4671b6e53d7c762a1a8\">Direction<br><strong>Sylvie Bl\u00e9try<\/strong>&nbsp;(Universit\u00e9 de Montpellier 3, Labex Archim\u00e8de et Minist\u00e8re de l\u2019Europe et des Affaires \u00e9trang\u00e8res)<\/h6>\n<\/div>\n\n\n\n<div class=\"wp-block-column is-layout-flow wp-block-column-is-layout-flow\">\n<p class=\"has-small-font-size\"><strong>How Eveha International Participates<br><\/strong>Digging Photogrammetry <br>Co-direction of a sector<\/p>\n<\/div>\n\n\n\n<div class=\"wp-block-column is-layout-flow wp-block-column-is-layout-flow\">\n<p class=\"has-small-font-size\"><strong>Localisation<\/strong> <br>Palestinian territories<\/p>\n<\/div>\n<\/div>\n\n\n\n<div class=\"wp-block-separator has-text-color has-theme-palette-12-color has-alpha-channel-opacity has-theme-palette-12-background-color has-background is-style-wide\" style=\"margin-top:var(--wp--preset--spacing--60);margin-bottom:var(--wp--preset--spacing--60)\"><\/div>\n\n\n\n<p class=\"has-small-font-size\"><strong>Location and Historical Summary<\/strong><br><strong>Tell Keila<\/strong> is located in the Hebron Governorate, within the Palestinian Territories, and is part of the rural outskirts of the small town of Beit Ula. It covers an area of approximately ten hectares, not including the necropolis zones.<br>The site is identified as the <strong>Qiltu<\/strong> of the Amarna Letters, and subsequently the <strong>Keilah<\/strong> of the Old Testament (three references); it is also mentioned in two of the Dead Sea Scrolls from Qumran. It remained known as <strong>Killa\/Echela<\/strong> during the Roman (Flavius Josephus) and Early Byzantine (Eusebius of Caesarea, Sozomen) periods. Although surveyed from the 19th century until recently, the site had never been excavated. Its long period of occupation makes it a particularly significant site for understanding historical evolution and the multiple influences\u2014Canaanite, Judean, Christian, and Mamluk\u2014of which we have evidence.<br><strong><br>History of Research<\/strong><br>The mission from the <strong>University of Montpellier 3<\/strong>, under the aegis of the Palestinian Department of Antiquities, focused on creating a topographical map of the site. Over the years, this record was enriched through the survey of its necropolises (comprising about fifty tombs, dug from the Bronze Age to the Roman period), targeted soundings, and the excavation of several sectors. These efforts aimed to document the various periods of settlement, agricultural exploitation, and the site&rsquo;s religious or funerary activities.<br><br>It was possible to identify the layout of a Bronze Age fortification wall made of medium-sized ashlar blocks along almost the entire perimeter of the Tell. This was consolidated during the Iron Age by a <strong>glacis<\/strong> of fieldstones. Additionally, the presence of a monumental tower\u2014which appears to be unique\u2014was confirmed against the wall. The necropolis zones attest to occupation during these same periods.<br><br>The Hellenistic and Roman periods are illustrated by the reuse of certain tombs (some of which continued to be used into the Early Byzantine period). The rare discovery of an <strong>altar inscribed in Latin<\/strong> attests to a Roman presence, as does a rural farm building on the cultivable slopes of the Tell, supported by the discovery of several wine and olive presses.<br><br>Around the 5th century, an Early Christian church paved with mosaics was established in the southeast of the summit plateau, featuring a baptistery. This was later covered by a new floor with more elaborate mosaics during a subsequent phase in the 6th\u20137th centuries. For both periods, floor dedications demonstrate the vitality of Christian worship.<br><br>During the <strong>Mamluk period<\/strong>, the church was covered by a new settlement. While the architectural traces are more subtle, the occupation is well-attested by numerous ceramics from the 13th and 14th centuries. <em>Spolia<\/em>, such as column fragments with capitals inscribed with <em>crosses patt\u00e9e<\/em>, were used to backfill the remains of the church prior to the construction of the medieval building.<\/p>\n\n\n\n<div class=\"wp-block-separator has-alpha-channel-opacity is-style-wide\" style=\"margin-top:var(--wp--preset--spacing--60);margin-bottom:var(--wp--preset--spacing--60)\"><\/div>\n\n\n\n<h2 class=\"wp-block-heading\">Campagnes <\/h2>\n\n\n<ul style=\"padding-top:0;padding-bottom:0;padding-left:0;padding-right:0;\" class=\"wp-block-latest-posts__list is-grid columns-4 has-link-color wp-elements-5a16c364917c2d243097b47bcad8833a wp-block-latest-posts has-text-color has-theme-palette-12-color has-small-font-size\"><li><div class=\"wp-block-latest-posts__featured-image\"><a href=\"https:\/\/eveha-international.com\/?p=4433&#038;lang=en\" aria-label=\"Tell Keila &#8211; 2022\"><img loading=\"lazy\" decoding=\"async\" width=\"770\" height=\"485\" src=\"https:\/\/eveha-international.com\/wp-content\/uploads\/2023\/03\/keila_small_2022.jpg\" class=\"attachment-large size-large wp-post-image\" alt=\"\" style=\"\" srcset=\"https:\/\/eveha-international.com\/wp-content\/uploads\/2023\/03\/keila_small_2022.jpg 770w, https:\/\/eveha-international.com\/wp-content\/uploads\/2023\/03\/keila_small_2022-300x189.jpg 300w, https:\/\/eveha-international.com\/wp-content\/uploads\/2023\/03\/keila_small_2022-768x484.jpg 768w\" sizes=\"auto, (max-width: 770px) 100vw, 770px\" \/><\/a><\/div><a class=\"wp-block-latest-posts__post-title\" href=\"https:\/\/eveha-international.com\/?p=4433&#038;lang=en\">Tell Keila &#8211; 2022<\/a><\/li>\n<\/ul>","protected":false},"excerpt":{"rendered":"<p>Tell Keila, inhabited since the Bronze Age until the middle of the 20th century, has been studied since 2015 by a mission of the University of Montpellier 3 (Sylvie Bl\u00e9try, mission of the EA 4424 CRISES, then of the Labex Archim\u00e8de and the French Ministry of Europe and Foreign Affairs) DirectionSylvie Bl\u00e9try&nbsp;(Universit\u00e9 de Montpellier 3,&#8230;<\/p>\n","protected":false},"author":4,"featured_media":3686,"parent":5095,"menu_order":0,"comment_status":"closed","ping_status":"closed","template":"","meta":{"inline_featured_image":false,"_kad_post_transparent":"","_kad_post_title":"","_kad_post_layout":"","_kad_post_sidebar_id":"","_kad_post_content_style":"","_kad_post_vertical_padding":"","_kad_post_feature":"","_kad_post_feature_position":"","_kad_post_header":false,"_kad_post_footer":false,"_kad_post_classname":"","footnotes":""},"class_list":["post-5344","page","type-page","status-publish","has-post-thumbnail","hentry"],"_links":{"self":[{"href":"https:\/\/eveha-international.com\/index.php?rest_route=\/wp\/v2\/pages\/5344","targetHints":{"allow":["GET"]}}],"collection":[{"href":"https:\/\/eveha-international.com\/index.php?rest_route=\/wp\/v2\/pages"}],"about":[{"href":"https:\/\/eveha-international.com\/index.php?rest_route=\/wp\/v2\/types\/page"}],"author":[{"embeddable":true,"href":"https:\/\/eveha-international.com\/index.php?rest_route=\/wp\/v2\/users\/4"}],"replies":[{"embeddable":true,"href":"https:\/\/eveha-international.com\/index.php?rest_route=%2Fwp%2Fv2%2Fcomments&post=5344"}],"version-history":[{"count":1,"href":"https:\/\/eveha-international.com\/index.php?rest_route=\/wp\/v2\/pages\/5344\/revisions"}],"predecessor-version":[{"id":5345,"href":"https:\/\/eveha-international.com\/index.php?rest_route=\/wp\/v2\/pages\/5344\/revisions\/5345"}],"up":[{"embeddable":true,"href":"https:\/\/eveha-international.com\/index.php?rest_route=\/wp\/v2\/pages\/5095"}],"wp:featuredmedia":[{"embeddable":true,"href":"https:\/\/eveha-international.com\/index.php?rest_route=\/wp\/v2\/media\/3686"}],"wp:attachment":[{"href":"https:\/\/eveha-international.com\/index.php?rest_route=%2Fwp%2Fv2%2Fmedia&parent=5344"}],"curies":[{"name":"wp","href":"https:\/\/api.w.org\/{rel}","templated":true}]}}