{"id":5347,"date":"2026-02-26T15:58:54","date_gmt":"2026-02-26T14:58:54","guid":{"rendered":"https:\/\/eveha-international.com\/?page_id=5347"},"modified":"2026-02-26T16:01:27","modified_gmt":"2026-02-26T15:01:27","slug":"thaj","status":"publish","type":"page","link":"https:\/\/eveha-international.com\/?page_id=5347&lang=en","title":{"rendered":"Th\u00e2j"},"content":{"rendered":"\n<p class=\"has-text-align-left has-small-font-size\"><strong>\u00c9veha International<\/strong> is associated with the study of the site of <strong>Th\u00e2j<\/strong> in Saudi Arabia. This project is jointly led by the <strong>CNRS<\/strong> (UMR 7041 ArScAn), <strong>Leiden University<\/strong> (Netherlands), and the <strong>Saudi Commission for Tourism and National Heritage<\/strong>, with support from the <strong>Ministry of Foreign Affairs and International Development<\/strong>. It is co-directed by <strong>J. Rohmer<\/strong> (CNRS), <strong>A. al-Jallad<\/strong> (Leiden), and <strong>M. al-Hajiri<\/strong> (SCTH).<\/p>\n\n\n\n<div class=\"wp-block-separator has-alpha-channel-opacity is-style-wide\" style=\"margin-top:var(--wp--preset--spacing--40);margin-bottom:var(--wp--preset--spacing--40)\"><\/div>\n\n\n\n<div class=\"wp-block-columns is-layout-flex wp-container-core-columns-is-layout-9d6595d7 wp-block-columns-is-layout-flex\">\n<div class=\"wp-block-column is-layout-flow wp-block-column-is-layout-flow\">\n<h6 class=\"wp-block-heading has-theme-palette-12-color has-text-color has-link-color has-small-font-size wp-elements-a412f15f58915174ed2dea865b7dfb55\">Direction<br><strong>J\u00e9r\u00f4me Rohmer<\/strong>&nbsp;(CNRS, UMR 8167 Orient &amp; M\u00e9diterran\u00e9e)<br><strong>Ahmad&nbsp;al-Jallad<\/strong>&nbsp;(Leiden University, Leiden Center for the Study of Ancient Arabia)<br><strong>Mahmood<\/strong>&nbsp;<strong>al-Hajiri<\/strong>&nbsp;(Saudi Commission for Tourism and National Heritage)<\/h6>\n<\/div>\n\n\n\n<div class=\"wp-block-column is-layout-flow wp-block-column-is-layout-flow\">\n<p class=\"has-small-font-size\"><strong>How Eveha International Participates<br><\/strong>Archaeological excavations<\/p>\n<\/div>\n\n\n\n<div class=\"wp-block-column is-layout-flow wp-block-column-is-layout-flow\">\n<p class=\"has-small-font-size\"><strong>Localisation<\/strong> <br>Saudi Arabia<\/p>\n<\/div>\n<\/div>\n\n\n\n<div class=\"wp-block-separator has-text-color has-theme-palette-12-color has-alpha-channel-opacity has-theme-palette-12-background-color has-background is-style-wide\" style=\"margin-top:var(--wp--preset--spacing--60);margin-bottom:var(--wp--preset--spacing--60)\"><\/div>\n\n\n\n<p class=\"has-small-font-size\"><br><strong>Location and Historical Summary<\/strong><br>The site of <strong>Th\u00e2j<\/strong> is located in the modern-day Eastern Province of Saudi Arabia, 90 km from the Persian Gulf coast and the port of al-Jubayl. Its position at the crossroads of two major caravan routes made it a vital commercial hub between South Arabia, Mesopotamia, and the Gulf. Based on our current knowledge, Th\u00e2j is by far the largest settlement and the only true city known in Eastern Arabia during the pre-Islamic era.<br><br>The site consists of three parts :<br>\u2022 <strong>A vast fortified city<\/strong> of approximately 40 hectares, surrounded by an impressive defensive wall featuring corner towers and bastions.<br>\u2022 <strong>An extensive suburb<\/strong> stretching to the southeast over about 20 hectares.<br>\u2022 <strong>A large necropolis<\/strong> containing roughly 500 tumuli (burial mounds), some of which have yielded extremely rich artifacts.<br><br>Excavations conducted to date suggest a period of occupation spanning from the <strong>3rd century BC to the 4th century AD<\/strong>. Given the chronology and importance of the site, several scholars have proposed identifying it as the ancient city of <strong>Gerrha<\/strong>. However, it could also be one of the other caravan powers of Eastern Arabia preserved in Greek and Arabian sources\u2014notably through coinage. It is therefore a key site for understanding the settlement, culture, economy, and political landscape of Eastern Arabia, as well as the broader history of long-distance trade in the ancient Near East.<br><strong><br>History of Research<\/strong><br>The archaeological significance of Th\u00e2j was noted as early as the mid-19th century, but until recently, the site had only been subject to very limited excavations. Following the pioneering explorations of the Dicksons (1942) and Mandaville (1962\/1963), the Danish expedition led by Bibby (1968) excavated two modest graves and conducted an initial $2 \\times 2$ m stratigraphic sounding along the rampart, suggesting a \u00ab\u00a0Hellenistic\u00a0\u00bb dating for the site.<br><br>Fifteen years later, in 1983, an excavation campaign was carried out by a Saudi-German mission (Gazdar, Livingstone, and Potts), which notably refined the chronology of the site (3rd century BC \u2013 1st\/2nd century AD) and its fortifications (3rd\/2nd century BC?). Finally, in 1998, a Saudi team from the Dammam Museum undertook a series of excavations on several tombs to the northeast and south of the site. Most notably, beneath a tumulus 40 m in diameter, they uncovered the <strong>aristocratic burial of a young girl<\/strong>, accompanied by exceptionally rich funerary items made of gold and precious stones.<br><br>To address the many remaining questions regarding the site (urbanism, material culture, cultural identity, political history, and economic role), a new <strong>five-year international excavation program<\/strong> was launched in 2016. This project is jointly led by the CNRS, Leiden University, and the Saudi Commission for Tourism and National Heritage, with the support of the French Ministry of Foreign Affairs. The first field campaign took place from October 25 to November 30, 2016, with a second season scheduled for autumn 2017.<\/p>\n\n\n\n<div class=\"wp-block-separator has-alpha-channel-opacity is-style-wide\" style=\"margin-top:var(--wp--preset--spacing--60);margin-bottom:var(--wp--preset--spacing--60)\"><\/div>\n\n\n\n<div class=\"wp-block-columns is-layout-flex wp-container-core-columns-is-layout-9d6595d7 wp-block-columns-is-layout-flex\">\n<div class=\"wp-block-column is-layout-flow wp-block-column-is-layout-flow\">\n<p class=\"has-small-font-size\"><strong>Partenaires<\/strong> <br>Minist\u00e8re des Affaires \u00e9trang\u00e8res et du d\u00e9veloppement international<br>Saudi Commission for Tourism and National Heritage<br>CNRS, UMR 7041 ArScAn<br>Leiden University, Leiden Center for the Study of Ancient Arabia<br>Institut de Physique du Globe de Strasbourg<br>Project MEDEE (Mer, D\u00e9sert, Environnement)<br>Centre fran\u00e7ais d\u2019arch\u00e9ologie et de sciences sociales (CEFAS)<\/p>\n<\/div>\n\n\n\n<div class=\"wp-block-column is-layout-flow wp-block-column-is-layout-flow\"><\/div>\n\n\n\n<div class=\"wp-block-column is-layout-flow wp-block-column-is-layout-flow\">\n<p class=\"has-theme-palette-11-color has-text-color has-link-color has-small-font-size wp-elements-07d62623ba5ae2e1daafd5f75fceaa97\"><strong>Liens<\/strong> :<br><a href=\"http:\/\/www.arscan.fr\/apohr\/etudes-sites-programmes-regionaux\/arabie-saoudite\/la-ville-caravaniere-de-thaj\/\" target=\"_blank\" rel=\"noreferrer noopener\">ArScAn<\/a><br><a href=\"http:\/\/cefas.cnrs.fr\/spip.php?article500\" target=\"_blank\" rel=\"noreferrer noopener\">CEFAS<\/a><\/p>\n<\/div>\n<\/div>\n\n\n\n<div class=\"wp-block-separator has-alpha-channel-opacity is-style-wide\" style=\"margin-top:var(--wp--preset--spacing--60);margin-bottom:var(--wp--preset--spacing--60)\"><\/div>\n\n\n\n<h2 class=\"wp-block-heading\">The excavation campaigns (by year)<\/h2>\n\n\n<ul style=\"padding-top:0;padding-bottom:0;padding-left:0;padding-right:0;\" class=\"wp-block-latest-posts__list is-grid columns-4 has-link-color wp-elements-69d1dd79758a6ee17d73d1a99caee58c wp-block-latest-posts has-text-color has-theme-palette-12-color has-small-font-size\"><li><div class=\"wp-block-latest-posts__featured-image\"><a href=\"https:\/\/eveha-international.com\/?p=4752&#038;lang=en\" aria-label=\"Th\u00e2j &#8211; 2016\"><img loading=\"lazy\" decoding=\"async\" width=\"980\" height=\"267\" src=\"https:\/\/eveha-international.com\/wp-content\/uploads\/2017\/10\/thaj_2016_header-1024x279.jpg\" class=\"attachment-large size-large wp-post-image\" alt=\"\" style=\"\" srcset=\"https:\/\/eveha-international.com\/wp-content\/uploads\/2017\/10\/thaj_2016_header-1024x279.jpg 1024w, https:\/\/eveha-international.com\/wp-content\/uploads\/2017\/10\/thaj_2016_header-300x82.jpg 300w, https:\/\/eveha-international.com\/wp-content\/uploads\/2017\/10\/thaj_2016_header.jpg 1800w\" sizes=\"auto, (max-width: 980px) 100vw, 980px\" \/><\/a><\/div><a class=\"wp-block-latest-posts__post-title\" href=\"https:\/\/eveha-international.com\/?p=4752&#038;lang=en\">Th\u00e2j &#8211; 2016<\/a><\/li>\n<li><div class=\"wp-block-latest-posts__featured-image\"><a href=\"https:\/\/eveha-international.com\/?p=4722&#038;lang=en\" aria-label=\"Th\u00e2j &#8211; 2017\"><img loading=\"lazy\" decoding=\"async\" width=\"980\" height=\"268\" src=\"https:\/\/eveha-international.com\/wp-content\/uploads\/2018\/03\/thaj_2017_header-1024x280.jpg\" class=\"attachment-large size-large wp-post-image\" alt=\"\" style=\"\" srcset=\"https:\/\/eveha-international.com\/wp-content\/uploads\/2018\/03\/thaj_2017_header-1024x280.jpg 1024w, https:\/\/eveha-international.com\/wp-content\/uploads\/2018\/03\/thaj_2017_header-300x82.jpg 300w, https:\/\/eveha-international.com\/wp-content\/uploads\/2018\/03\/thaj_2017_header.jpg 2000w\" sizes=\"auto, (max-width: 980px) 100vw, 980px\" \/><\/a><\/div><a class=\"wp-block-latest-posts__post-title\" href=\"https:\/\/eveha-international.com\/?p=4722&#038;lang=en\">Th\u00e2j &#8211; 2017<\/a><\/li>\n<li><div class=\"wp-block-latest-posts__featured-image\"><a href=\"https:\/\/eveha-international.com\/?p=4451&#038;lang=en\" aria-label=\"Th\u00e2j &#8211; 2018\"><img loading=\"lazy\" decoding=\"async\" width=\"770\" height=\"485\" src=\"https:\/\/eveha-international.com\/wp-content\/uploads\/2022\/01\/thaj_2018_small.jpg\" class=\"attachment-large size-large wp-post-image\" alt=\"\" style=\"\" srcset=\"https:\/\/eveha-international.com\/wp-content\/uploads\/2022\/01\/thaj_2018_small.jpg 770w, https:\/\/eveha-international.com\/wp-content\/uploads\/2022\/01\/thaj_2018_small-300x189.jpg 300w, https:\/\/eveha-international.com\/wp-content\/uploads\/2022\/01\/thaj_2018_small-768x484.jpg 768w\" sizes=\"auto, (max-width: 770px) 100vw, 770px\" \/><\/a><\/div><a class=\"wp-block-latest-posts__post-title\" href=\"https:\/\/eveha-international.com\/?p=4451&#038;lang=en\">Th\u00e2j &#8211; 2018<\/a><\/li>\n<li><div class=\"wp-block-latest-posts__featured-image\"><a href=\"https:\/\/eveha-international.com\/?p=4448&#038;lang=en\" aria-label=\"Th\u00e2j &#8211; 2019\"><img loading=\"lazy\" decoding=\"async\" width=\"770\" height=\"485\" src=\"https:\/\/eveha-international.com\/wp-content\/uploads\/2022\/01\/thaj_2019_small.jpg\" class=\"attachment-large size-large wp-post-image\" alt=\"\" style=\"\" srcset=\"https:\/\/eveha-international.com\/wp-content\/uploads\/2022\/01\/thaj_2019_small.jpg 770w, https:\/\/eveha-international.com\/wp-content\/uploads\/2022\/01\/thaj_2019_small-300x189.jpg 300w, https:\/\/eveha-international.com\/wp-content\/uploads\/2022\/01\/thaj_2019_small-768x484.jpg 768w\" sizes=\"auto, (max-width: 770px) 100vw, 770px\" \/><\/a><\/div><a class=\"wp-block-latest-posts__post-title\" href=\"https:\/\/eveha-international.com\/?p=4448&#038;lang=en\">Th\u00e2j &#8211; 2019<\/a><\/li>\n<\/ul>","protected":false},"excerpt":{"rendered":"<p>\u00c9veha International is associated with the study of the site of Th\u00e2j in Saudi Arabia. This project is jointly led by the CNRS (UMR 7041 ArScAn), Leiden University (Netherlands), and the Saudi Commission for Tourism and National Heritage, with support from the Ministry of Foreign Affairs and International Development. It is co-directed by J. Rohmer&#8230;<\/p>\n","protected":false},"author":4,"featured_media":3854,"parent":5095,"menu_order":0,"comment_status":"closed","ping_status":"closed","template":"","meta":{"inline_featured_image":false,"_kad_post_transparent":"","_kad_post_title":"","_kad_post_layout":"","_kad_post_sidebar_id":"","_kad_post_content_style":"","_kad_post_vertical_padding":"","_kad_post_feature":"","_kad_post_feature_position":"","_kad_post_header":false,"_kad_post_footer":false,"_kad_post_classname":"","footnotes":""},"class_list":["post-5347","page","type-page","status-publish","has-post-thumbnail","hentry"],"_links":{"self":[{"href":"https:\/\/eveha-international.com\/index.php?rest_route=\/wp\/v2\/pages\/5347","targetHints":{"allow":["GET"]}}],"collection":[{"href":"https:\/\/eveha-international.com\/index.php?rest_route=\/wp\/v2\/pages"}],"about":[{"href":"https:\/\/eveha-international.com\/index.php?rest_route=\/wp\/v2\/types\/page"}],"author":[{"embeddable":true,"href":"https:\/\/eveha-international.com\/index.php?rest_route=\/wp\/v2\/users\/4"}],"replies":[{"embeddable":true,"href":"https:\/\/eveha-international.com\/index.php?rest_route=%2Fwp%2Fv2%2Fcomments&post=5347"}],"version-history":[{"count":1,"href":"https:\/\/eveha-international.com\/index.php?rest_route=\/wp\/v2\/pages\/5347\/revisions"}],"predecessor-version":[{"id":5348,"href":"https:\/\/eveha-international.com\/index.php?rest_route=\/wp\/v2\/pages\/5347\/revisions\/5348"}],"up":[{"embeddable":true,"href":"https:\/\/eveha-international.com\/index.php?rest_route=\/wp\/v2\/pages\/5095"}],"wp:featuredmedia":[{"embeddable":true,"href":"https:\/\/eveha-international.com\/index.php?rest_route=\/wp\/v2\/media\/3854"}],"wp:attachment":[{"href":"https:\/\/eveha-international.com\/index.php?rest_route=%2Fwp%2Fv2%2Fmedia&parent=5347"}],"curies":[{"name":"wp","href":"https:\/\/api.w.org\/{rel}","templated":true}]}}