{"id":5357,"date":"2026-02-26T16:10:12","date_gmt":"2026-02-26T15:10:12","guid":{"rendered":"https:\/\/eveha-international.com\/?page_id=5357"},"modified":"2026-02-26T16:23:59","modified_gmt":"2026-02-26T15:23:59","slug":"tyre","status":"publish","type":"page","link":"https:\/\/eveha-international.com\/?page_id=5357&lang=en","title":{"rendered":"Tyre"},"content":{"rendered":"\n<p class=\"has-text-align-left has-small-font-size\">At the heart of the modern town, the arch\u00e6ological complex of Tyre is subjected to new field research directed by Jean-Baptiste Yon (CNRS-HiSoMa\/IFPO).<\/p>\n\n\n\n<div class=\"wp-block-separator has-alpha-channel-opacity is-style-wide\" style=\"margin-top:var(--wp--preset--spacing--40);margin-bottom:var(--wp--preset--spacing--40)\"><\/div>\n\n\n\n<div class=\"wp-block-columns is-layout-flex wp-container-core-columns-is-layout-9d6595d7 wp-block-columns-is-layout-flex\">\n<div class=\"wp-block-column is-layout-flow wp-block-column-is-layout-flow\">\n<h6 class=\"wp-block-heading has-theme-palette-12-color has-text-color has-link-color has-small-font-size wp-elements-d4f5a8ef30028975066f5c8442698791\">Direction<br><strong>P.-L. Gatier<\/strong>&nbsp;(CNRS, UMR 5189 \u2013 HISOMA)<br><strong>J.-B. Yon<\/strong>&nbsp;(CNRS, UMR 5189 \u2013 HISOMA)<\/h6>\n<\/div>\n\n\n\n<div class=\"wp-block-column is-layout-flow wp-block-column-is-layout-flow\">\n<p class=\"has-small-font-size\"><strong>How Eveha International Participates<br><\/strong>Topography<\/p>\n<\/div>\n\n\n\n<div class=\"wp-block-column is-layout-flow wp-block-column-is-layout-flow\">\n<p class=\"has-small-font-size\"><strong>Localisation<\/strong> <br>Lebanon<\/p>\n<\/div>\n<\/div>\n\n\n\n<div class=\"wp-block-separator has-text-color has-theme-palette-12-color has-alpha-channel-opacity has-theme-palette-12-background-color has-background is-style-wide\" style=\"margin-top:var(--wp--preset--spacing--60);margin-bottom:var(--wp--preset--spacing--60)\"><\/div>\n\n\n\n<p class=\"has-small-font-size\"><strong>Location and historical summary<\/strong><br>The town of Tyre is located on the Lebanese coast, in the south of the country.<br><br>The site, which has been occupied since the Bronze Age, was an important Phoenician city before being taken over by the Greeks and later the Romans. The first centuries AD were marked by the spread of Christianity and the integration into the Byzantine empire. Tyre and its surrounding region came under Muslim control in the early 7<sup>th<\/sup>\u00a0century. The town, which continued to be occupied afterwards, suffered at the hands of crusaders between the early 12<sup>th<\/sup>\u00a0century and the end of the 13<sup>th<\/sup>. Tyre has essentially been continually occupied since its foundation, and the archaeological remains are encased within the modern-day town. Here, the site known as \u201cTyre town\u201d corresponds to a large archaeological park over 5.9 hectares, divided into two distinct spaces: the \u201cmedieval cathedral\u201d and the \u201cbaths, arena and palestra\u201d.<br><br><strong>History of research<\/strong><br>The ruins of the ancient city of Tyre were uncovered by the\u00a0Directorate General of Antiquities(DGA) before the 1970s, but these excavations have not been published and are poorly documented. It therefore seemed essential to undertake a more thorough study of this ensemble. The Tyre archaeological project has run five field seasons since 2008, after a short exploratory season in 2006. It involves surveying the remains\u00a0<em>in situ<\/em>, dating them and interpreting them. In order to do this, in addition to archaeological and topographical surveys, a number of trenches were dug. Programmes of conservation and promotion of the site also form part of the project.<\/p>\n\n\n\n<div class=\"wp-block-separator has-alpha-channel-opacity is-style-wide\" style=\"margin-top:var(--wp--preset--spacing--60);margin-bottom:var(--wp--preset--spacing--60)\"><\/div>\n\n\n\n<div class=\"wp-block-columns is-layout-flex wp-container-core-columns-is-layout-9d6595d7 wp-block-columns-is-layout-flex\">\n<div class=\"wp-block-column is-layout-flow wp-block-column-is-layout-flow\">\n<p class=\"has-small-font-size\"><strong>Partners<\/strong> <br>Maison de l\u2019Orient et de la M\u00e9diterran\u00e9e, Universit\u00e9 Lumi\u00e8re Lyon 2 (France)<br>CNRS libanais (Liban)<br>Minist\u00e8re des Affaires \u00e9trang\u00e8res<br>Direction G\u00e9n\u00e9rale des Antiquit\u00e9s libanaise<br>Universit\u00e9 Saint-Joseph de Beyrouth (Liban)<br>Institut fran\u00e7ais du Proche-Orient (France)<br>Inrap (France)<\/p>\n<\/div>\n\n\n\n<div class=\"wp-block-column is-layout-flow wp-block-column-is-layout-flow\"><\/div>\n\n\n\n<div class=\"wp-block-column is-layout-flow wp-block-column-is-layout-flow\">\n<p class=\"has-theme-palette-11-color has-text-color has-link-color has-small-font-size wp-elements-9ae80a4c81e44eb70517e24dc3c72fbc\"><strong>Links<\/strong> :<br><a href=\"http:\/\/www.hisoma.mom.fr\/recherche-et-activites\/mission-archeologique-de-tyr\" target=\"_blank\" rel=\"noreferrer noopener\">HISOMA website<\/a><\/p>\n<\/div>\n<\/div>\n\n\n\n<div class=\"wp-block-separator has-alpha-channel-opacity is-style-wide\" style=\"margin-top:var(--wp--preset--spacing--60);margin-bottom:var(--wp--preset--spacing--60)\"><\/div>\n\n\n\n<h2 class=\"wp-block-heading\">The excavation campaigns (by year)<\/h2>\n\n\n<ul style=\"padding-top:0;padding-bottom:0;padding-left:0;padding-right:0;\" class=\"wp-block-latest-posts__list is-grid columns-4 has-link-color wp-elements-d4bbb5825096285310ddc265aa391c6e wp-block-latest-posts has-text-color has-theme-palette-12-color has-small-font-size\"><li><div class=\"wp-block-latest-posts__featured-image\"><a href=\"https:\/\/eveha-international.com\/?p=5032&#038;lang=en\" aria-label=\"Tyre &#8211; 2011\"><img loading=\"lazy\" decoding=\"async\" width=\"770\" height=\"485\" src=\"https:\/\/eveha-international.com\/wp-content\/uploads\/2015\/06\/tyr-2011_blog.jpg\" class=\"attachment-large size-large wp-post-image\" alt=\"\" style=\"\" srcset=\"https:\/\/eveha-international.com\/wp-content\/uploads\/2015\/06\/tyr-2011_blog.jpg 770w, https:\/\/eveha-international.com\/wp-content\/uploads\/2015\/06\/tyr-2011_blog-300x189.jpg 300w\" sizes=\"auto, (max-width: 770px) 100vw, 770px\" \/><\/a><\/div><a class=\"wp-block-latest-posts__post-title\" href=\"https:\/\/eveha-international.com\/?p=5032&#038;lang=en\">Tyre &#8211; 2011<\/a><\/li>\n<li><div class=\"wp-block-latest-posts__featured-image\"><a href=\"https:\/\/eveha-international.com\/?p=5028&#038;lang=en\" aria-label=\"Tyre &#8211; 2012\"><img loading=\"lazy\" decoding=\"async\" width=\"770\" height=\"485\" src=\"https:\/\/eveha-international.com\/wp-content\/uploads\/2015\/06\/tyr-2012_blog.jpg\" class=\"attachment-large size-large wp-post-image\" alt=\"\" style=\"\" srcset=\"https:\/\/eveha-international.com\/wp-content\/uploads\/2015\/06\/tyr-2012_blog.jpg 770w, https:\/\/eveha-international.com\/wp-content\/uploads\/2015\/06\/tyr-2012_blog-300x189.jpg 300w\" sizes=\"auto, (max-width: 770px) 100vw, 770px\" \/><\/a><\/div><a class=\"wp-block-latest-posts__post-title\" href=\"https:\/\/eveha-international.com\/?p=5028&#038;lang=en\">Tyre &#8211; 2012<\/a><\/li>\n<li><div class=\"wp-block-latest-posts__featured-image\"><a href=\"https:\/\/eveha-international.com\/?p=5019&#038;lang=en\" aria-label=\"Tyre &#8211; 2013\"><img loading=\"lazy\" decoding=\"async\" width=\"770\" height=\"485\" src=\"https:\/\/eveha-international.com\/wp-content\/uploads\/2015\/06\/tyr-2013_blog.jpg\" class=\"attachment-large size-large wp-post-image\" alt=\"\" style=\"\" srcset=\"https:\/\/eveha-international.com\/wp-content\/uploads\/2015\/06\/tyr-2013_blog.jpg 770w, https:\/\/eveha-international.com\/wp-content\/uploads\/2015\/06\/tyr-2013_blog-300x189.jpg 300w\" sizes=\"auto, (max-width: 770px) 100vw, 770px\" \/><\/a><\/div><a class=\"wp-block-latest-posts__post-title\" href=\"https:\/\/eveha-international.com\/?p=5019&#038;lang=en\">Tyre &#8211; 2013<\/a><\/li>\n<li><div class=\"wp-block-latest-posts__featured-image\"><a href=\"https:\/\/eveha-international.com\/?p=4951&#038;lang=en\" aria-label=\"Tyre &#8211; 2015\"><img loading=\"lazy\" decoding=\"async\" width=\"770\" height=\"485\" src=\"https:\/\/eveha-international.com\/wp-content\/uploads\/2016\/08\/tyre_2015_small.jpg\" class=\"attachment-large size-large wp-post-image\" alt=\"\" style=\"\" srcset=\"https:\/\/eveha-international.com\/wp-content\/uploads\/2016\/08\/tyre_2015_small.jpg 770w, https:\/\/eveha-international.com\/wp-content\/uploads\/2016\/08\/tyre_2015_small-300x189.jpg 300w\" sizes=\"auto, (max-width: 770px) 100vw, 770px\" \/><\/a><\/div><a class=\"wp-block-latest-posts__post-title\" href=\"https:\/\/eveha-international.com\/?p=4951&#038;lang=en\">Tyre &#8211; 2015<\/a><\/li>\n<li><div class=\"wp-block-latest-posts__featured-image\"><a href=\"https:\/\/eveha-international.com\/?p=4756&#038;lang=en\" aria-label=\"Tyre &#8211; 2016\"><img loading=\"lazy\" decoding=\"async\" width=\"770\" height=\"485\" src=\"https:\/\/eveha-international.com\/wp-content\/uploads\/2017\/09\/tyr_2016_small.jpg\" class=\"attachment-large size-large wp-post-image\" alt=\"\" style=\"\" srcset=\"https:\/\/eveha-international.com\/wp-content\/uploads\/2017\/09\/tyr_2016_small.jpg 770w, https:\/\/eveha-international.com\/wp-content\/uploads\/2017\/09\/tyr_2016_small-300x189.jpg 300w\" sizes=\"auto, (max-width: 770px) 100vw, 770px\" \/><\/a><\/div><a class=\"wp-block-latest-posts__post-title\" href=\"https:\/\/eveha-international.com\/?p=4756&#038;lang=en\">Tyre &#8211; 2016<\/a><\/li>\n<li><div class=\"wp-block-latest-posts__featured-image\"><a href=\"https:\/\/eveha-international.com\/?p=4699&#038;lang=en\" aria-label=\"Tyre &#8211; 2017\"><img loading=\"lazy\" decoding=\"async\" width=\"770\" height=\"485\" src=\"https:\/\/eveha-international.com\/wp-content\/uploads\/2018\/08\/tyr_2017_small.jpg\" class=\"attachment-large size-large wp-post-image\" alt=\"\" style=\"\" srcset=\"https:\/\/eveha-international.com\/wp-content\/uploads\/2018\/08\/tyr_2017_small.jpg 770w, https:\/\/eveha-international.com\/wp-content\/uploads\/2018\/08\/tyr_2017_small-300x189.jpg 300w\" sizes=\"auto, (max-width: 770px) 100vw, 770px\" \/><\/a><\/div><a class=\"wp-block-latest-posts__post-title\" href=\"https:\/\/eveha-international.com\/?p=4699&#038;lang=en\">Tyre &#8211; 2017<\/a><\/li>\n<li><div class=\"wp-block-latest-posts__featured-image\"><a href=\"https:\/\/eveha-international.com\/?p=4546&#038;lang=en\" aria-label=\"Tyre &#8211; 2018\"><img loading=\"lazy\" decoding=\"async\" width=\"770\" height=\"485\" src=\"https:\/\/eveha-international.com\/wp-content\/uploads\/2020\/05\/tyr_2018small.jpg\" class=\"attachment-large size-large wp-post-image\" alt=\"\" style=\"\" srcset=\"https:\/\/eveha-international.com\/wp-content\/uploads\/2020\/05\/tyr_2018small.jpg 770w, https:\/\/eveha-international.com\/wp-content\/uploads\/2020\/05\/tyr_2018small-300x189.jpg 300w, https:\/\/eveha-international.com\/wp-content\/uploads\/2020\/05\/tyr_2018small-768x484.jpg 768w\" sizes=\"auto, (max-width: 770px) 100vw, 770px\" \/><\/a><\/div><a class=\"wp-block-latest-posts__post-title\" href=\"https:\/\/eveha-international.com\/?p=4546&#038;lang=en\">Tyre &#8211; 2018<\/a><\/li>\n<li><div class=\"wp-block-latest-posts__featured-image\"><a href=\"https:\/\/eveha-international.com\/?p=4544&#038;lang=en\" aria-label=\"Tyre &#8211; 2019\"><img loading=\"lazy\" decoding=\"async\" width=\"770\" height=\"485\" src=\"https:\/\/eveha-international.com\/wp-content\/uploads\/2020\/05\/tyr_2019_small.jpg\" class=\"attachment-large size-large wp-post-image\" alt=\"\" style=\"\" srcset=\"https:\/\/eveha-international.com\/wp-content\/uploads\/2020\/05\/tyr_2019_small.jpg 770w, https:\/\/eveha-international.com\/wp-content\/uploads\/2020\/05\/tyr_2019_small-300x189.jpg 300w, https:\/\/eveha-international.com\/wp-content\/uploads\/2020\/05\/tyr_2019_small-768x484.jpg 768w\" sizes=\"auto, (max-width: 770px) 100vw, 770px\" \/><\/a><\/div><a class=\"wp-block-latest-posts__post-title\" href=\"https:\/\/eveha-international.com\/?p=4544&#038;lang=en\">Tyre &#8211; 2019<\/a><\/li>\n<li><div class=\"wp-block-latest-posts__featured-image\"><a href=\"https:\/\/eveha-international.com\/?p=4476&#038;lang=en\" aria-label=\"Tyre &#8211; 2020\"><img loading=\"lazy\" decoding=\"async\" width=\"770\" height=\"485\" src=\"https:\/\/eveha-international.com\/wp-content\/uploads\/2022\/01\/tyr_2020_small.jpg\" class=\"attachment-large size-large wp-post-image\" alt=\"\" style=\"\" srcset=\"https:\/\/eveha-international.com\/wp-content\/uploads\/2022\/01\/tyr_2020_small.jpg 770w, https:\/\/eveha-international.com\/wp-content\/uploads\/2022\/01\/tyr_2020_small-300x189.jpg 300w, https:\/\/eveha-international.com\/wp-content\/uploads\/2022\/01\/tyr_2020_small-768x484.jpg 768w\" sizes=\"auto, (max-width: 770px) 100vw, 770px\" \/><\/a><\/div><a class=\"wp-block-latest-posts__post-title\" href=\"https:\/\/eveha-international.com\/?p=4476&#038;lang=en\">Tyre &#8211; 2020<\/a><\/li>\n<li><div class=\"wp-block-latest-posts__featured-image\"><a href=\"https:\/\/eveha-international.com\/?p=4441&#038;lang=en\" aria-label=\"Tyre &#8211; 2021\"><img loading=\"lazy\" decoding=\"async\" width=\"770\" height=\"485\" src=\"https:\/\/eveha-international.com\/wp-content\/uploads\/2022\/06\/tyr_2021_small.jpg\" class=\"attachment-large size-large wp-post-image\" alt=\"\" style=\"\" srcset=\"https:\/\/eveha-international.com\/wp-content\/uploads\/2022\/06\/tyr_2021_small.jpg 770w, https:\/\/eveha-international.com\/wp-content\/uploads\/2022\/06\/tyr_2021_small-300x189.jpg 300w, https:\/\/eveha-international.com\/wp-content\/uploads\/2022\/06\/tyr_2021_small-768x484.jpg 768w\" sizes=\"auto, (max-width: 770px) 100vw, 770px\" \/><\/a><\/div><a class=\"wp-block-latest-posts__post-title\" href=\"https:\/\/eveha-international.com\/?p=4441&#038;lang=en\">Tyre &#8211; 2021<\/a><\/li>\n<li><div class=\"wp-block-latest-posts__featured-image\"><a href=\"https:\/\/eveha-international.com\/?p=4435&#038;lang=en\" aria-label=\"Tyre &#8211; 2022\"><img loading=\"lazy\" decoding=\"async\" width=\"770\" height=\"485\" src=\"https:\/\/eveha-international.com\/wp-content\/uploads\/2022\/06\/header_tyr_22_small.jpg\" class=\"attachment-large size-large wp-post-image\" alt=\"\" style=\"\" srcset=\"https:\/\/eveha-international.com\/wp-content\/uploads\/2022\/06\/header_tyr_22_small.jpg 770w, https:\/\/eveha-international.com\/wp-content\/uploads\/2022\/06\/header_tyr_22_small-300x189.jpg 300w, https:\/\/eveha-international.com\/wp-content\/uploads\/2022\/06\/header_tyr_22_small-768x484.jpg 768w\" sizes=\"auto, (max-width: 770px) 100vw, 770px\" \/><\/a><\/div><a class=\"wp-block-latest-posts__post-title\" href=\"https:\/\/eveha-international.com\/?p=4435&#038;lang=en\">Tyre &#8211; 2022<\/a><\/li>\n<\/ul>","protected":false},"excerpt":{"rendered":"<p>At the heart of the modern town, the arch\u00e6ological complex of Tyre is subjected to new field research directed by Jean-Baptiste Yon (CNRS-HiSoMa\/IFPO). DirectionP.-L. Gatier&nbsp;(CNRS, UMR 5189 \u2013 HISOMA)J.-B. Yon&nbsp;(CNRS, UMR 5189 \u2013 HISOMA) How Eveha International ParticipatesTopography Localisation Lebanon Location and historical summaryThe town of Tyre is located on the Lebanese coast, in the&#8230;<\/p>\n","protected":false},"author":4,"featured_media":4050,"parent":5095,"menu_order":0,"comment_status":"closed","ping_status":"closed","template":"","meta":{"inline_featured_image":false,"_kad_post_transparent":"","_kad_post_title":"","_kad_post_layout":"","_kad_post_sidebar_id":"","_kad_post_content_style":"","_kad_post_vertical_padding":"","_kad_post_feature":"","_kad_post_feature_position":"","_kad_post_header":false,"_kad_post_footer":false,"_kad_post_classname":"","footnotes":""},"class_list":["post-5357","page","type-page","status-publish","has-post-thumbnail","hentry"],"_links":{"self":[{"href":"https:\/\/eveha-international.com\/index.php?rest_route=\/wp\/v2\/pages\/5357","targetHints":{"allow":["GET"]}}],"collection":[{"href":"https:\/\/eveha-international.com\/index.php?rest_route=\/wp\/v2\/pages"}],"about":[{"href":"https:\/\/eveha-international.com\/index.php?rest_route=\/wp\/v2\/types\/page"}],"author":[{"embeddable":true,"href":"https:\/\/eveha-international.com\/index.php?rest_route=\/wp\/v2\/users\/4"}],"replies":[{"embeddable":true,"href":"https:\/\/eveha-international.com\/index.php?rest_route=%2Fwp%2Fv2%2Fcomments&post=5357"}],"version-history":[{"count":1,"href":"https:\/\/eveha-international.com\/index.php?rest_route=\/wp\/v2\/pages\/5357\/revisions"}],"predecessor-version":[{"id":5358,"href":"https:\/\/eveha-international.com\/index.php?rest_route=\/wp\/v2\/pages\/5357\/revisions\/5358"}],"up":[{"embeddable":true,"href":"https:\/\/eveha-international.com\/index.php?rest_route=\/wp\/v2\/pages\/5095"}],"wp:featuredmedia":[{"embeddable":true,"href":"https:\/\/eveha-international.com\/index.php?rest_route=\/wp\/v2\/media\/4050"}],"wp:attachment":[{"href":"https:\/\/eveha-international.com\/index.php?rest_route=%2Fwp%2Fv2%2Fmedia&parent=5357"}],"curies":[{"name":"wp","href":"https:\/\/api.w.org\/{rel}","templated":true}]}}